{"id":742,"date":"2021-10-26T14:47:41","date_gmt":"2021-10-26T13:47:41","guid":{"rendered":"https:\/\/www.spyke.be\/contact\/"},"modified":"2023-09-08T10:18:18","modified_gmt":"2023-09-08T09:18:18","slug":"contact-spyke","status":"publish","type":"page","link":"https:\/\/www.spyke.be\/fr\/contact-spyke\/","title":{"rendered":"Contact"},"content":{"rendered":"<div id=\"pl-gb742-69df23e470534\"  class=\"panel-layout\" ><div id=\"pg-gb742-69df23e470534-0\"  class=\"panel-grid panel-has-style\" ><div class=\"intro panel-row-style panel-row-style-for-gb742-69df23e470534-0\" ><div id=\"pgc-gb742-69df23e470534-0-0\"  class=\"panel-grid-cell\" ><div id=\"panel-gb742-69df23e470534-0-0-0\" class=\"so-panel widget widget_sow-editor panel-first-child panel-last-child\" data-index=\"0\" ><div\n\t\t\t\n\t\t\tclass=\"so-widget-sow-editor so-widget-sow-editor-base\"\n\t\t\t\n\t\t>\n<div class=\"siteorigin-widget-tinymce textwidget\">\n\t<h1>Contact<\/h1>\n<p>Vous aimeriez nous poser une question ? Discuter autour d&rsquo;un caf\u00e9 ? En savoir plus sur nos livres ou nos formations ? Nous sommes l\u00e0 pour vous !<\/p>\n<\/div>\n<\/div><\/div><\/div><\/div><\/div><div id=\"pg-gb742-69df23e470534-1\"  class=\"panel-grid panel-has-style\" ><div class=\"rij1_contact panel-row-style panel-row-style-for-gb742-69df23e470534-1\" ><div id=\"pgc-gb742-69df23e470534-1-0\"  class=\"panel-grid-cell\" ><div id=\"panel-gb742-69df23e470534-1-0-0\" class=\"so-panel widget widget_sow-editor panel-first-child panel-last-child\" data-index=\"1\" ><div\n\t\t\t\n\t\t\tclass=\"so-widget-sow-editor so-widget-sow-editor-base\"\n\t\t\t\n\t\t>\n<div class=\"siteorigin-widget-tinymce textwidget\">\n\t\n<div class=\"wpcf7 no-js\" id=\"wpcf7-f1640-o1\" lang=\"fr-FR\" dir=\"ltr\" data-wpcf7-id=\"1640\">\n<div class=\"screen-reader-response\"><p role=\"status\" aria-live=\"polite\" aria-atomic=\"true\"><\/p> <ul><\/ul><\/div>\n<form action=\"\/fr\/wp-json\/wp\/v2\/pages\/742#wpcf7-f1640-o1\" method=\"post\" class=\"wpcf7-form init cmonitor-ext-0.4.67\" aria-label=\"Formulaire de contact\" novalidate=\"novalidate\" data-status=\"init\">\n<div style=\"display: none;\">\n<input type=\"hidden\" name=\"_wpcf7\" value=\"1640\" \/>\n<input type=\"hidden\" name=\"_wpcf7_version\" value=\"6.0.6\" \/>\n<input type=\"hidden\" name=\"_wpcf7_locale\" value=\"fr_FR\" \/>\n<input type=\"hidden\" name=\"_wpcf7_unit_tag\" value=\"wpcf7-f1640-o1\" \/>\n<input type=\"hidden\" name=\"_wpcf7_container_post\" value=\"0\" \/>\n<input type=\"hidden\" name=\"_wpcf7_posted_data_hash\" value=\"\" \/>\n<input type=\"hidden\" name=\"_wpcf7_recaptcha_response\" value=\"\" \/>\n<\/div>\n<div class=\"contact_split\">\n\t<p><label> Votre nom<br \/>\n<span class=\"wpcf7-form-control-wrap\" data-name=\"your-name\"><input size=\"40\" maxlength=\"400\" class=\"wpcf7-form-control wpcf7-text wpcf7-validates-as-required\" aria-required=\"true\" aria-invalid=\"false\" value=\"\" type=\"text\" name=\"your-name\" \/><\/span> <\/label><label> Votre adresse email<br \/>\n<span class=\"wpcf7-form-control-wrap\" data-name=\"your-email\"><input size=\"40\" maxlength=\"400\" class=\"wpcf7-form-control wpcf7-email wpcf7-validates-as-required wpcf7-text wpcf7-validates-as-email\" aria-required=\"true\" aria-invalid=\"false\" value=\"\" type=\"email\" name=\"your-email\" \/><\/span> <\/label>\n\t<\/p>\n<\/div>\n<p><label> Votre message<br \/>\n<span class=\"wpcf7-form-control-wrap\" data-name=\"your-message\"><textarea cols=\"40\" rows=\"10\" maxlength=\"2000\" class=\"wpcf7-form-control wpcf7-textarea wpcf7-validates-as-required\" aria-required=\"true\" aria-invalid=\"false\" name=\"your-message\"><\/textarea><\/span> <\/label>\n<\/p>\n<p><button type=\"submit\" class=\"wpcf7-form-control wpcf7-submit\">Envoyer un message<\/button>\n<\/p><div class=\"wpcf7-response-output\" aria-hidden=\"true\"><\/div><p style=\"display: none !important\"><span class=\"wpcf7-form-control-wrap referer-page\"><input type=\"text\" name=\"referer-page\" value=\"http:\/\/Direct%20Visit\" data-value=\"http:\/\/Direct%20Visit\" size=\"40\" class=\"wpcf7-form-control wpcf7-text referer-page\" aria-invalid=\"false\"><\/span><\/p>\n<!-- campaignmonitor extension by Renzo Johnson -->\n<\/form>\n<\/div>\n\n<\/div>\n<\/div><\/div><\/div><\/div><\/div><div id=\"pg-gb742-69df23e470534-2\"  class=\"panel-grid panel-has-style\" ><div class=\"rij2_contact panel-row-style panel-row-style-for-gb742-69df23e470534-2\" ><div id=\"pgc-gb742-69df23e470534-2-0\"  class=\"panel-grid-cell\" ><div id=\"panel-gb742-69df23e470534-2-0-0\" class=\"widget_text so-panel widget widget_custom_html panel-first-child panel-last-child\" data-index=\"2\" ><div class=\"textwidget custom-html-widget\"><iframe src=\"https:\/\/www.google.com\/maps\/embed?pb=!1m18!1m12!1m3!1d2511.8498102096264!2d4.215956815910554!3d50.98196665680417!2m3!1f0!2f0!3f0!3m2!1i1024!2i768!4f13.1!3m3!1m2!1s0x47c394d76f8ac373%3A0x922170a883caaddf!2sSint%20Huybrechtstraat%2064%2C%201785%20Merchtem!5e0!3m2!1sen!2sbe!4v1633013366663!5m2!1sen!2sbe\" width=\"600\" height=\"450\" style=\"border:0;\" allowfullscreen=\"\" loading=\"lazy\"><\/iframe><\/div><\/div><\/div><div id=\"pgc-gb742-69df23e470534-2-1\"  class=\"panel-grid-cell\" ><div id=\"panel-gb742-69df23e470534-2-1-0\" class=\"so-panel widget widget_siteorigin-panels-builder panel-first-child panel-last-child\" data-index=\"3\" ><div id=\"pl-w6178078c7017b\"  class=\"panel-layout\" ><div id=\"pg-w6178078c7017b-0\"  class=\"panel-grid panel-no-style\" ><div id=\"pgc-w6178078c7017b-0-0\"  class=\"panel-grid-cell\" ><div id=\"panel-w6178078c7017b-0-0-0\" class=\"so-panel widget widget_sow-editor panel-first-child panel-last-child\" data-index=\"0\" ><div\n\t\t\t\n\t\t\tclass=\"so-widget-sow-editor so-widget-sow-editor-base\"\n\t\t\t\n\t\t>\n<div class=\"siteorigin-widget-tinymce textwidget\">\n\t<h2>SPYKE<\/h2>\n<p>Sint Huybrechtstraat 64<br \/>\n1785 Merchtem<br \/>\nBelgi\u00eb<\/p>\n<\/div>\n<\/div><\/div><\/div><\/div><div id=\"pg-w6178078c7017b-1\"  class=\"panel-grid panel-no-style\" ><div id=\"pgc-w6178078c7017b-1-0\"  class=\"panel-grid-cell\" ><div id=\"panel-w6178078c7017b-1-0-0\" class=\"so-panel widget widget_sow-editor panel-first-child panel-last-child\" data-index=\"1\" ><div\n\t\t\t\n\t\t\tclass=\"so-widget-sow-editor so-widget-sow-editor-base\"\n\t\t\t\n\t\t>\n<div class=\"siteorigin-widget-tinymce textwidget\">\n\t<p><strong>Nous \u00e9crire<\/strong><\/p>\n<p><a href=\"mailto:info@spyke.be\">info@spyke.be<\/a><\/p>\n<\/div>\n<\/div><\/div><\/div><div id=\"pgc-w6178078c7017b-1-1\"  class=\"panel-grid-cell\" ><div id=\"panel-w6178078c7017b-1-1-0\" class=\"so-panel widget widget_sow-editor panel-first-child panel-last-child\" data-index=\"2\" ><div\n\t\t\t\n\t\t\tclass=\"so-widget-sow-editor so-widget-sow-editor-base\"\n\t\t\t\n\t\t>\n<div class=\"siteorigin-widget-tinymce textwidget\">\n\t<p><strong>Nous appeler<\/strong><\/p>\n<p>0486 936 475<\/p>\n<\/div>\n<\/div><\/div><\/div><\/div><div id=\"pg-w6178078c7017b-2\"  class=\"panel-grid panel-no-style\" ><div id=\"pgc-w6178078c7017b-2-0\"  class=\"panel-grid-cell panel-grid-cell-mobile-last\" ><div id=\"panel-w6178078c7017b-2-0-0\" class=\"so-panel widget widget_sow-editor panel-first-child\" data-index=\"3\" ><div\n\t\t\t\n\t\t\tclass=\"so-widget-sow-editor so-widget-sow-editor-base\"\n\t\t\t\n\t\t>\n<div class=\"siteorigin-widget-tinymce textwidget\">\n\t<p><strong>Nous suivre<\/strong><\/p>\n<p><a href=\"https:\/\/be.linkedin.com\/company\/spyke_be\" target=\"_blank\" rel=\"noopener\">LinkedIn<\/a><br \/>\n<a href=\"https:\/\/www.instagram.com\/spyke.be\/\" target=\"_blank\" rel=\"noopener\">Instagram<\/a><\/p>\n<\/div>\n<\/div><\/div><div id=\"panel-w6178078c7017b-2-0-1\" class=\"so-panel widget widget_sow-editor panel-last-child\" data-index=\"4\" ><div\n\t\t\t\n\t\t\tclass=\"so-widget-sow-editor so-widget-sow-editor-base\"\n\t\t\t\n\t\t>\n<div class=\"siteorigin-widget-tinymce textwidget\">\n\t<p><a href=\"#\">Algemene voorwaarden<\/a><\/p>\n<\/div>\n<\/div><\/div><\/div><div id=\"pgc-w6178078c7017b-2-1\"  class=\"panel-grid-cell panel-grid-cell-empty\" ><\/div><\/div><\/div><\/div><\/div><\/div><\/div><div id=\"pg-gb742-69df23e470534-3\"  class=\"panel-grid panel-has-style\" ><div class=\"rij3_contact panel-row-style panel-row-style-for-gb742-69df23e470534-3\" ><div id=\"pgc-gb742-69df23e470534-3-0\"  class=\"panel-grid-cell\" ><div id=\"panel-gb742-69df23e470534-3-0-0\" class=\"so-panel widget widget_sow-editor panel-first-child panel-last-child\" data-index=\"4\" ><div class=\"link-arrow panel-widget-style panel-widget-style-for-gb742-69df23e470534-3-0-0\" ><div\n\t\t\t\n\t\t\tclass=\"so-widget-sow-editor so-widget-sow-editor-base\"\n\t\t\t\n\t\t>\n<div class=\"siteorigin-widget-tinymce textwidget\">\n\t<h2>Connaissez-vous d\u00e9j\u00e0 notre \u00e9quipe SPYKE ?<\/h2>\n<p><a href=\"https:\/\/www.spyke.be\/team\/\">Notre \u00e9quipe SPYKE<\/a><\/p>\n<\/div>\n<\/div><\/div><\/div><\/div><\/div><\/div><\/div>","protected":false},"excerpt":{"rendered":"<p>Contact Vous aimeriez nous poser une question ? Discuter autour d&rsquo;un caf\u00e9 ? En savoir plus sur nos livres ou nos formations ? Nous sommes l\u00e0 pour vous !<\/p>\n","protected":false},"author":1,"featured_media":0,"parent":0,"menu_order":0,"comment_status":"closed","ping_status":"closed","template":"","meta":{"footnotes":""},"class_list":["post-742","page","type-page","status-publish","hentry"],"yoast_head":"<!-- This site is optimized with the Yoast SEO plugin v25.3 - https:\/\/yoast.com\/wordpress\/plugins\/seo\/ -->\n<title>Contact - Spyke<\/title>\n<meta name=\"description\" content=\"Vous avez des questions sur la mani\u00e8re dont content marketing peut faire avancer votre entreprise ? SPYKE sera heureux de vous aider \u00e0 d\u00e9marrer. N&#039;h\u00e9sitez pas \u00e0 nous contacter !\" \/>\n<meta name=\"robots\" content=\"index, follow, max-snippet:-1, max-image-preview:large, max-video-preview:-1\" \/>\n<link rel=\"canonical\" href=\"https:\/\/www.spyke.be\/fr\/contact-spyke\/\" \/>\n<meta property=\"og:locale\" content=\"fr_FR\" \/>\n<meta property=\"og:type\" content=\"article\" \/>\n<meta property=\"og:title\" content=\"Contact - Spyke\" \/>\n<meta property=\"og:description\" content=\"Vous avez des questions sur la mani\u00e8re dont content marketing peut faire avancer votre entreprise ? SPYKE sera heureux de vous aider \u00e0 d\u00e9marrer. N&#039;h\u00e9sitez pas \u00e0 nous contacter !\" \/>\n<meta property=\"og:url\" content=\"https:\/\/www.spyke.be\/fr\/contact-spyke\/\" \/>\n<meta property=\"og:site_name\" content=\"Spyke\" \/>\n<meta property=\"article:modified_time\" content=\"2023-09-08T09:18:18+00:00\" \/>\n<meta name=\"twitter:card\" content=\"summary_large_image\" \/>\n<meta name=\"twitter:label1\" content=\"Dur\u00e9e de lecture estim\u00e9e\" \/>\n\t<meta name=\"twitter:data1\" content=\"1 minute\" \/>\n<script type=\"application\/ld+json\" class=\"yoast-schema-graph\">{\"@context\":\"https:\/\/schema.org\",\"@graph\":[{\"@type\":\"WebPage\",\"@id\":\"https:\/\/www.spyke.be\/fr\/contact-spyke\/\",\"url\":\"https:\/\/www.spyke.be\/fr\/contact-spyke\/\",\"name\":\"Contact - Spyke\",\"isPartOf\":{\"@id\":\"https:\/\/www.spyke.be\/fr\/#website\"},\"datePublished\":\"2021-10-26T13:47:41+00:00\",\"dateModified\":\"2023-09-08T09:18:18+00:00\",\"description\":\"Vous avez des questions sur la mani\u00e8re dont content marketing peut faire avancer votre entreprise ? SPYKE sera heureux de vous aider \u00e0 d\u00e9marrer. N'h\u00e9sitez pas \u00e0 nous contacter !\",\"breadcrumb\":{\"@id\":\"https:\/\/www.spyke.be\/fr\/contact-spyke\/#breadcrumb\"},\"inLanguage\":\"fr-FR\",\"potentialAction\":[{\"@type\":\"ReadAction\",\"target\":[\"https:\/\/www.spyke.be\/fr\/contact-spyke\/\"]}]},{\"@type\":\"BreadcrumbList\",\"@id\":\"https:\/\/www.spyke.be\/fr\/contact-spyke\/#breadcrumb\",\"itemListElement\":[{\"@type\":\"ListItem\",\"position\":1,\"name\":\"Home\",\"item\":\"https:\/\/www.spyke.be\/fr\/\"},{\"@type\":\"ListItem\",\"position\":2,\"name\":\"Contact\"}]},{\"@type\":\"WebSite\",\"@id\":\"https:\/\/www.spyke.be\/fr\/#website\",\"url\":\"https:\/\/www.spyke.be\/fr\/\",\"name\":\"Spyke\",\"description\":\"\",\"potentialAction\":[{\"@type\":\"SearchAction\",\"target\":{\"@type\":\"EntryPoint\",\"urlTemplate\":\"https:\/\/www.spyke.be\/fr\/?s={search_term_string}\"},\"query-input\":{\"@type\":\"PropertyValueSpecification\",\"valueRequired\":true,\"valueName\":\"search_term_string\"}}],\"inLanguage\":\"fr-FR\"}]}<\/script>\n<!-- \/ Yoast SEO plugin. -->","yoast_head_json":{"title":"Contact - Spyke","description":"Vous avez des questions sur la mani\u00e8re dont content marketing peut faire avancer votre entreprise ? SPYKE sera heureux de vous aider \u00e0 d\u00e9marrer. N'h\u00e9sitez pas \u00e0 nous contacter !","robots":{"index":"index","follow":"follow","max-snippet":"max-snippet:-1","max-image-preview":"max-image-preview:large","max-video-preview":"max-video-preview:-1"},"canonical":"https:\/\/www.spyke.be\/fr\/contact-spyke\/","og_locale":"fr_FR","og_type":"article","og_title":"Contact - Spyke","og_description":"Vous avez des questions sur la mani\u00e8re dont content marketing peut faire avancer votre entreprise ? SPYKE sera heureux de vous aider \u00e0 d\u00e9marrer. N'h\u00e9sitez pas \u00e0 nous contacter !","og_url":"https:\/\/www.spyke.be\/fr\/contact-spyke\/","og_site_name":"Spyke","article_modified_time":"2023-09-08T09:18:18+00:00","twitter_card":"summary_large_image","twitter_misc":{"Dur\u00e9e de lecture estim\u00e9e":"1 minute"},"schema":{"@context":"https:\/\/schema.org","@graph":[{"@type":"WebPage","@id":"https:\/\/www.spyke.be\/fr\/contact-spyke\/","url":"https:\/\/www.spyke.be\/fr\/contact-spyke\/","name":"Contact - Spyke","isPartOf":{"@id":"https:\/\/www.spyke.be\/fr\/#website"},"datePublished":"2021-10-26T13:47:41+00:00","dateModified":"2023-09-08T09:18:18+00:00","description":"Vous avez des questions sur la mani\u00e8re dont content marketing peut faire avancer votre entreprise ? SPYKE sera heureux de vous aider \u00e0 d\u00e9marrer. N'h\u00e9sitez pas \u00e0 nous contacter !","breadcrumb":{"@id":"https:\/\/www.spyke.be\/fr\/contact-spyke\/#breadcrumb"},"inLanguage":"fr-FR","potentialAction":[{"@type":"ReadAction","target":["https:\/\/www.spyke.be\/fr\/contact-spyke\/"]}]},{"@type":"BreadcrumbList","@id":"https:\/\/www.spyke.be\/fr\/contact-spyke\/#breadcrumb","itemListElement":[{"@type":"ListItem","position":1,"name":"Home","item":"https:\/\/www.spyke.be\/fr\/"},{"@type":"ListItem","position":2,"name":"Contact"}]},{"@type":"WebSite","@id":"https:\/\/www.spyke.be\/fr\/#website","url":"https:\/\/www.spyke.be\/fr\/","name":"Spyke","description":"","potentialAction":[{"@type":"SearchAction","target":{"@type":"EntryPoint","urlTemplate":"https:\/\/www.spyke.be\/fr\/?s={search_term_string}"},"query-input":{"@type":"PropertyValueSpecification","valueRequired":true,"valueName":"search_term_string"}}],"inLanguage":"fr-FR"}]}},"_links":{"self":[{"href":"https:\/\/www.spyke.be\/fr\/wp-json\/wp\/v2\/pages\/742","targetHints":{"allow":["GET"]}}],"collection":[{"href":"https:\/\/www.spyke.be\/fr\/wp-json\/wp\/v2\/pages"}],"about":[{"href":"https:\/\/www.spyke.be\/fr\/wp-json\/wp\/v2\/types\/page"}],"author":[{"embeddable":true,"href":"https:\/\/www.spyke.be\/fr\/wp-json\/wp\/v2\/users\/1"}],"replies":[{"embeddable":true,"href":"https:\/\/www.spyke.be\/fr\/wp-json\/wp\/v2\/comments?post=742"}],"version-history":[{"count":4,"href":"https:\/\/www.spyke.be\/fr\/wp-json\/wp\/v2\/pages\/742\/revisions"}],"predecessor-version":[{"id":2131,"href":"https:\/\/www.spyke.be\/fr\/wp-json\/wp\/v2\/pages\/742\/revisions\/2131"}],"wp:attachment":[{"href":"https:\/\/www.spyke.be\/fr\/wp-json\/wp\/v2\/media?parent=742"}],"curies":[{"name":"wp","href":"https:\/\/api.w.org\/{rel}","templated":true}]}}