{"id":736,"date":"2021-10-26T14:30:56","date_gmt":"2021-10-26T13:30:56","guid":{"rendered":"https:\/\/www.spyke.be\/services\/"},"modified":"2023-02-22T11:42:21","modified_gmt":"2023-02-22T10:42:21","slug":"spyke-services","status":"publish","type":"page","link":"https:\/\/www.spyke.be\/fr\/spyke-services\/","title":{"rendered":"Services"},"content":{"rendered":"<div id=\"pl-gb736-69e2e982977ca\"  class=\"panel-layout\" ><div id=\"pg-gb736-69e2e982977ca-0\"  class=\"panel-grid panel-has-style\" ><div class=\"intro panel-row-style panel-row-style-for-gb736-69e2e982977ca-0\" ><div id=\"pgc-gb736-69e2e982977ca-0-0\"  class=\"panel-grid-cell\" ><div id=\"panel-gb736-69e2e982977ca-0-0-0\" class=\"so-panel widget widget_sow-editor panel-first-child panel-last-child\" data-index=\"0\" ><div\n\t\t\t\n\t\t\tclass=\"so-widget-sow-editor so-widget-sow-editor-base\"\n\t\t\t\n\t\t>\n<div class=\"siteorigin-widget-tinymce textwidget\">\n\t<h1>Nos services<\/h1>\n<p>Cr\u00e9er des contenus dans une optique journalistique implique de mettre l\u2019accent sur la recherche, les interviews, le style d\u2019\u00e9criture et la qualit\u00e9 des vid\u00e9os. Mais pour r\u00e9ussir, de nombreux autres \u00e9l\u00e9ments entrent aussi en jeu. <\/p>\n<\/div>\n<\/div><\/div><\/div><\/div><\/div><div id=\"pg-gb736-69e2e982977ca-1\"  class=\"panel-grid panel-has-style\" ><div class=\"rij_diensten panel-row-style panel-row-style-for-gb736-69e2e982977ca-1\" ><div id=\"pgc-gb736-69e2e982977ca-1-0\"  class=\"panel-grid-cell\" ><div id=\"panel-gb736-69e2e982977ca-1-0-0\" class=\"so-panel widget widget_siteorigin-panels-builder panel-first-child panel-last-child\" data-index=\"1\" ><div id=\"pl-w6178049798492\"  class=\"panel-layout\" ><div id=\"pg-w6178049798492-0\"  class=\"panel-grid panel-no-style\" ><div id=\"pgc-w6178049798492-0-0\"  class=\"panel-grid-cell\" ><div id=\"panel-w6178049798492-0-0-0\" class=\"so-panel widget widget_sow-editor panel-first-child panel-last-child\" data-index=\"0\" ><div\n\t\t\t\n\t\t\tclass=\"so-widget-sow-editor so-widget-sow-editor-base\"\n\t\t\t\n\t\t>\n<div class=\"siteorigin-widget-tinymce textwidget\">\n\t<ul>\n<li>Content sweet spot<\/li>\n<li>Customer journey<\/li>\n<li>Buyer personae<\/li>\n<li>Objectives &amp; KPI&rsquo;s<\/li>\n<\/ul>\n<\/div>\n<\/div><\/div><\/div><div id=\"pgc-w6178049798492-0-1\"  class=\"panel-grid-cell\" ><div id=\"panel-w6178049798492-0-1-0\" class=\"so-panel widget widget_sow-editor panel-first-child panel-last-child\" data-index=\"1\" ><div\n\t\t\t\n\t\t\tclass=\"so-widget-sow-editor so-widget-sow-editor-base\"\n\t\t\t\n\t\t>\n<div class=\"siteorigin-widget-tinymce textwidget\">\n\t<h2>D\u2019abord la r\u00e9flexion, ensuite l\u2019action<\/h2>\n<p>On ne peut pas cr\u00e9er de contenus efficaces sans d\u2019abord conna\u00eetre son public sur le bout des doigts et d\u00e9finir des objectifs concrets. Qui est votre cible\u00a0? Quels canaux utiliser pour la toucher\u00a0? Et quelles sont ses besoins et attentes\u00a0? En combinant ces informations avec vos objectifs, vous pourrez d\u00e9finir votre \u00ab\u00a0content sweet spot\u00a0\u00bb\u00a0: le domaine o\u00f9 vous pourrez vraiment faire la diff\u00e9rence pour votre public.<\/p>\n<\/div>\n<\/div><\/div><\/div><\/div><div id=\"pg-w6178049798492-1\"  class=\"panel-grid panel-no-style\" ><div id=\"pgc-w6178049798492-1-0\"  class=\"panel-grid-cell\" ><div id=\"panel-w6178049798492-1-0-0\" class=\"so-panel widget widget_sow-editor panel-first-child panel-last-child\" data-index=\"2\" ><div\n\t\t\t\n\t\t\tclass=\"so-widget-sow-editor so-widget-sow-editor-base\"\n\t\t\t\n\t\t>\n<div class=\"siteorigin-widget-tinymce textwidget\">\n\t<ul>\n<li>Blogposts<\/li>\n<li>Video<\/li>\n<li>Content design<\/li>\n<li>Infographics<\/li>\n<li>Podcasts<\/li>\n<\/ul>\n<\/div>\n<\/div><\/div><\/div><div id=\"pgc-w6178049798492-1-1\"  class=\"panel-grid-cell\" ><div id=\"panel-w6178049798492-1-1-0\" class=\"so-panel widget widget_sow-editor panel-first-child panel-last-child\" data-index=\"3\" ><div\n\t\t\t\n\t\t\tclass=\"so-widget-sow-editor so-widget-sow-editor-base\"\n\t\t\t\n\t\t>\n<div class=\"siteorigin-widget-tinymce textwidget\">\n\t<h2>Travailler en profondeur<\/h2>\n<p>Toucher les gens, les inspirer, les informer, \u2026 Voil\u00e0 les effets d\u2019un bon contenu. Cela demande de soigner \u00e0 la fois le fond et la forme, en proposant un message tant informatif qu\u2019attractif. Pour ce faire, il faut opter pour les types de contenus adapt\u00e9s, exploiter les bons formats et soigner la conception dans les moindres d\u00e9tails.<\/p>\n<\/div>\n<\/div><\/div><\/div><\/div><div id=\"pg-w6178049798492-2\"  class=\"panel-grid panel-no-style\" ><div id=\"pgc-w6178049798492-2-0\"  class=\"panel-grid-cell\" ><div id=\"panel-w6178049798492-2-0-0\" class=\"so-panel widget widget_sow-editor panel-first-child panel-last-child\" data-index=\"4\" ><div\n\t\t\t\n\t\t\tclass=\"so-widget-sow-editor so-widget-sow-editor-base\"\n\t\t\t\n\t\t>\n<div class=\"siteorigin-widget-tinymce textwidget\">\n\t<ul>\n<li>Magazines<\/li>\n<li>Websites<\/li>\n<li>Social media<\/li>\n<li>Events<\/li>\n<li>PR<\/li>\n<li>Influencers<\/li>\n<\/ul>\n<\/div>\n<\/div><\/div><\/div><div id=\"pgc-w6178049798492-2-1\"  class=\"panel-grid-cell\" ><div id=\"panel-w6178049798492-2-1-0\" class=\"so-panel widget widget_sow-editor panel-first-child panel-last-child\" data-index=\"5\" ><div\n\t\t\t\n\t\t\tclass=\"so-widget-sow-editor so-widget-sow-editor-base\"\n\t\t\t\n\t\t>\n<div class=\"siteorigin-widget-tinymce textwidget\">\n\t<h2>Maximiser l\u2019audience<\/h2>\n<p>Vous voulez que vos contenus touchent votre cible de fa\u00e7on optimale. Pour y arriver, vous misez bien entendu sur vos propres canaux de diffusion, mais tout aussi important est de stimuler les partages par des tiers.\u00a0 Et pourquoi ne pas essayer de faire relayer vos contenus par les m\u00e9dias de presse\u00a0? Enfin, le <em>paid media <\/em>s\u2019av\u00e8re de plus en plus incontournable pour atteindre vos objectifs en mati\u00e8re de contenus.<\/p>\n<\/div>\n<\/div><\/div><\/div><\/div><div id=\"pg-w6178049798492-3\"  class=\"panel-grid panel-no-style\" ><div id=\"pgc-w6178049798492-3-0\"  class=\"panel-grid-cell\" ><div id=\"panel-w6178049798492-3-0-0\" class=\"so-panel widget widget_sow-editor panel-first-child panel-last-child\" data-index=\"6\" ><div\n\t\t\t\n\t\t\tclass=\"so-widget-sow-editor so-widget-sow-editor-base\"\n\t\t\t\n\t\t>\n<div class=\"siteorigin-widget-tinymce textwidget\">\n\t<ul>\n<li>SEO<\/li>\n<li>Google Search Console<\/li>\n<li>Dashboarding<\/li>\n<li>Marketing automation<\/li>\n<\/ul>\n<\/div>\n<\/div><\/div><\/div><div id=\"pgc-w6178049798492-3-1\"  class=\"panel-grid-cell\" ><div id=\"panel-w6178049798492-3-1-0\" class=\"so-panel widget widget_sow-editor panel-first-child panel-last-child\" data-index=\"7\" ><div\n\t\t\t\n\t\t\tclass=\"so-widget-sow-editor so-widget-sow-editor-base\"\n\t\t\t\n\t\t>\n<div class=\"siteorigin-widget-tinymce textwidget\">\n\t<h2>Mesurer pour am\u00e9liorer<\/h2>\n<p>Quels sont les r\u00e9sultats obtenus\u00a0? Le marketing de contenu n\u2019est pas une science exacte o\u00f9 toutes les pi\u00e8ces du puzzle s\u2019embo\u00eetent parfaitement d\u00e8s la premi\u00e8re tentative. Il faut proc\u00e9der \u00e0 des ajustements constants pour r\u00e9pondre aux besoins pr\u00e9cis de la cible. Plus vous mesurez, plus vous pourrez optimiser votre contenu. Sur la base de ces informations, vous pourrez profiter pleinement des avantages de l\u2019automatisation. Que diriez-vous par exemple d\u2019un flux qui se d\u00e9clenche automatiquement d\u00e8s que votre cible effectue une action d\u00e9termin\u00e9e\u00a0?<\/p>\n<\/div>\n<\/div><\/div><\/div><\/div><div id=\"pg-w6178049798492-4\"  class=\"panel-grid panel-no-style\" ><div id=\"pgc-w6178049798492-4-0\"  class=\"panel-grid-cell\" ><div id=\"panel-w6178049798492-4-0-0\" class=\"so-panel widget widget_sow-editor panel-first-child panel-last-child\" data-index=\"8\" ><div\n\t\t\t\n\t\t\tclass=\"so-widget-sow-editor so-widget-sow-editor-base\"\n\t\t\t\n\t\t>\n<div class=\"siteorigin-widget-tinymce textwidget\">\n\t<ul>\n<li>Profiles<\/li>\n<li>Content flows<\/li>\n<li>Content governance<\/li>\n<\/ul>\n<\/div>\n<\/div><\/div><\/div><div id=\"pgc-w6178049798492-4-1\"  class=\"panel-grid-cell\" ><div id=\"panel-w6178049798492-4-1-0\" class=\"so-panel widget widget_sow-editor panel-first-child panel-last-child\" data-index=\"9\" ><div\n\t\t\t\n\t\t\tclass=\"so-widget-sow-editor so-widget-sow-editor-base\"\n\t\t\t\n\t\t>\n<div class=\"siteorigin-widget-tinymce textwidget\">\n\t<h2>Adapter votre organisation<\/h2>\n<p>Comment placer le marketing de contenu au c\u0153ur de mon entreprise\u00a0? Voil\u00e0 une question que se posent de nombreux d\u00e9partements de marketing et de communication. Mais le marketing de contenu n\u00e9cessite \u00e9galement quelques \u00e9tapes op\u00e9rationnelles importantes\u00a0: trouver les bons profils pour votre service marketing, mettre en place des flux de travail cibl\u00e9s, etc. Si vous le souhaitez, nous pouvons \u00e9laborer un plan complet de gestion des contenus et nous occuper de la formation de vos \u00e9quipes.<\/p>\n<\/div>\n<\/div><\/div><\/div><\/div><\/div><\/div><\/div><\/div><\/div><\/div>","protected":false},"excerpt":{"rendered":"<p>Nos services Cr\u00e9er des contenus dans une optique journalistique implique de mettre l\u2019accent sur la recherche, les interviews, le style d\u2019\u00e9criture et la qualit\u00e9 des vid\u00e9os. Mais pour r\u00e9ussir, de nombreux autres \u00e9l\u00e9ments entrent aussi en jeu.<\/p>\n","protected":false},"author":1,"featured_media":0,"parent":0,"menu_order":0,"comment_status":"closed","ping_status":"closed","template":"","meta":{"footnotes":""},"class_list":["post-736","page","type-page","status-publish","hentry"],"yoast_head":"<!-- This site is optimized with the Yoast SEO plugin v25.3 - https:\/\/yoast.com\/wordpress\/plugins\/seo\/ -->\n<title>Services - Spyke<\/title>\n<meta name=\"description\" content=\"SPYKE fait du content marketing journalistique. En quoi cela consiste-t-il exactement ? D\u00e9couvrez les services offerts par SPYKE.\" \/>\n<meta name=\"robots\" content=\"index, follow, max-snippet:-1, max-image-preview:large, max-video-preview:-1\" \/>\n<link rel=\"canonical\" href=\"https:\/\/www.spyke.be\/fr\/spyke-services\/\" \/>\n<meta property=\"og:locale\" content=\"fr_FR\" \/>\n<meta property=\"og:type\" content=\"article\" \/>\n<meta property=\"og:title\" content=\"Services - Spyke\" \/>\n<meta property=\"og:description\" content=\"SPYKE fait du content marketing journalistique. En quoi cela consiste-t-il exactement ? D\u00e9couvrez les services offerts par SPYKE.\" \/>\n<meta property=\"og:url\" content=\"https:\/\/www.spyke.be\/fr\/spyke-services\/\" \/>\n<meta property=\"og:site_name\" content=\"Spyke\" \/>\n<meta property=\"article:modified_time\" content=\"2023-02-22T10:42:21+00:00\" \/>\n<meta name=\"twitter:card\" content=\"summary_large_image\" \/>\n<meta name=\"twitter:label1\" content=\"Dur\u00e9e de lecture estim\u00e9e\" \/>\n\t<meta name=\"twitter:data1\" content=\"3 minutes\" \/>\n<script type=\"application\/ld+json\" class=\"yoast-schema-graph\">{\"@context\":\"https:\/\/schema.org\",\"@graph\":[{\"@type\":\"WebPage\",\"@id\":\"https:\/\/www.spyke.be\/fr\/spyke-services\/\",\"url\":\"https:\/\/www.spyke.be\/fr\/spyke-services\/\",\"name\":\"Services - Spyke\",\"isPartOf\":{\"@id\":\"https:\/\/www.spyke.be\/fr\/#website\"},\"datePublished\":\"2021-10-26T13:30:56+00:00\",\"dateModified\":\"2023-02-22T10:42:21+00:00\",\"description\":\"SPYKE fait du content marketing journalistique. En quoi cela consiste-t-il exactement ? D\u00e9couvrez les services offerts par SPYKE.\",\"breadcrumb\":{\"@id\":\"https:\/\/www.spyke.be\/fr\/spyke-services\/#breadcrumb\"},\"inLanguage\":\"fr-FR\",\"potentialAction\":[{\"@type\":\"ReadAction\",\"target\":[\"https:\/\/www.spyke.be\/fr\/spyke-services\/\"]}]},{\"@type\":\"BreadcrumbList\",\"@id\":\"https:\/\/www.spyke.be\/fr\/spyke-services\/#breadcrumb\",\"itemListElement\":[{\"@type\":\"ListItem\",\"position\":1,\"name\":\"Home\",\"item\":\"https:\/\/www.spyke.be\/fr\/\"},{\"@type\":\"ListItem\",\"position\":2,\"name\":\"Services\"}]},{\"@type\":\"WebSite\",\"@id\":\"https:\/\/www.spyke.be\/fr\/#website\",\"url\":\"https:\/\/www.spyke.be\/fr\/\",\"name\":\"Spyke\",\"description\":\"\",\"potentialAction\":[{\"@type\":\"SearchAction\",\"target\":{\"@type\":\"EntryPoint\",\"urlTemplate\":\"https:\/\/www.spyke.be\/fr\/?s={search_term_string}\"},\"query-input\":{\"@type\":\"PropertyValueSpecification\",\"valueRequired\":true,\"valueName\":\"search_term_string\"}}],\"inLanguage\":\"fr-FR\"}]}<\/script>\n<!-- \/ Yoast SEO plugin. -->","yoast_head_json":{"title":"Services - Spyke","description":"SPYKE fait du content marketing journalistique. En quoi cela consiste-t-il exactement ? D\u00e9couvrez les services offerts par SPYKE.","robots":{"index":"index","follow":"follow","max-snippet":"max-snippet:-1","max-image-preview":"max-image-preview:large","max-video-preview":"max-video-preview:-1"},"canonical":"https:\/\/www.spyke.be\/fr\/spyke-services\/","og_locale":"fr_FR","og_type":"article","og_title":"Services - Spyke","og_description":"SPYKE fait du content marketing journalistique. En quoi cela consiste-t-il exactement ? D\u00e9couvrez les services offerts par SPYKE.","og_url":"https:\/\/www.spyke.be\/fr\/spyke-services\/","og_site_name":"Spyke","article_modified_time":"2023-02-22T10:42:21+00:00","twitter_card":"summary_large_image","twitter_misc":{"Dur\u00e9e de lecture estim\u00e9e":"3 minutes"},"schema":{"@context":"https:\/\/schema.org","@graph":[{"@type":"WebPage","@id":"https:\/\/www.spyke.be\/fr\/spyke-services\/","url":"https:\/\/www.spyke.be\/fr\/spyke-services\/","name":"Services - Spyke","isPartOf":{"@id":"https:\/\/www.spyke.be\/fr\/#website"},"datePublished":"2021-10-26T13:30:56+00:00","dateModified":"2023-02-22T10:42:21+00:00","description":"SPYKE fait du content marketing journalistique. En quoi cela consiste-t-il exactement ? D\u00e9couvrez les services offerts par SPYKE.","breadcrumb":{"@id":"https:\/\/www.spyke.be\/fr\/spyke-services\/#breadcrumb"},"inLanguage":"fr-FR","potentialAction":[{"@type":"ReadAction","target":["https:\/\/www.spyke.be\/fr\/spyke-services\/"]}]},{"@type":"BreadcrumbList","@id":"https:\/\/www.spyke.be\/fr\/spyke-services\/#breadcrumb","itemListElement":[{"@type":"ListItem","position":1,"name":"Home","item":"https:\/\/www.spyke.be\/fr\/"},{"@type":"ListItem","position":2,"name":"Services"}]},{"@type":"WebSite","@id":"https:\/\/www.spyke.be\/fr\/#website","url":"https:\/\/www.spyke.be\/fr\/","name":"Spyke","description":"","potentialAction":[{"@type":"SearchAction","target":{"@type":"EntryPoint","urlTemplate":"https:\/\/www.spyke.be\/fr\/?s={search_term_string}"},"query-input":{"@type":"PropertyValueSpecification","valueRequired":true,"valueName":"search_term_string"}}],"inLanguage":"fr-FR"}]}},"_links":{"self":[{"href":"https:\/\/www.spyke.be\/fr\/wp-json\/wp\/v2\/pages\/736","targetHints":{"allow":["GET"]}}],"collection":[{"href":"https:\/\/www.spyke.be\/fr\/wp-json\/wp\/v2\/pages"}],"about":[{"href":"https:\/\/www.spyke.be\/fr\/wp-json\/wp\/v2\/types\/page"}],"author":[{"embeddable":true,"href":"https:\/\/www.spyke.be\/fr\/wp-json\/wp\/v2\/users\/1"}],"replies":[{"embeddable":true,"href":"https:\/\/www.spyke.be\/fr\/wp-json\/wp\/v2\/comments?post=736"}],"version-history":[{"count":2,"href":"https:\/\/www.spyke.be\/fr\/wp-json\/wp\/v2\/pages\/736\/revisions"}],"predecessor-version":[{"id":738,"href":"https:\/\/www.spyke.be\/fr\/wp-json\/wp\/v2\/pages\/736\/revisions\/738"}],"wp:attachment":[{"href":"https:\/\/www.spyke.be\/fr\/wp-json\/wp\/v2\/media?parent=736"}],"curies":[{"name":"wp","href":"https:\/\/api.w.org\/{rel}","templated":true}]}}