{"id":724,"date":"2021-10-22T15:03:48","date_gmt":"2021-10-22T14:03:48","guid":{"rendered":"https:\/\/www.spyke.be\/equipe\/"},"modified":"2026-01-12T10:59:07","modified_gmt":"2026-01-12T09:59:07","slug":"equipe","status":"publish","type":"page","link":"https:\/\/www.spyke.be\/fr\/equipe\/","title":{"rendered":"\u00c9quipe"},"content":{"rendered":"<div id=\"pl-gb724-69e3435707193\"  class=\"panel-layout wp-block-siteorigin-panels-layout-block\" ><div id=\"pg-gb724-69e3435707193-0\"  class=\"panel-grid panel-has-style\" ><div class=\"intro panel-row-style panel-row-style-for-gb724-69e3435707193-0\" ><div id=\"pgc-gb724-69e3435707193-0-0\"  class=\"panel-grid-cell\" ><div id=\"panel-gb724-69e3435707193-0-0-0\" class=\"so-panel widget widget_sow-editor panel-first-child panel-last-child\" data-index=\"0\" ><div\n\t\t\t\n\t\t\tclass=\"so-widget-sow-editor so-widget-sow-editor-base\"\n\t\t\t\n\t\t>\n<div class=\"siteorigin-widget-tinymce textwidget\">\n\t<h1>\u00c9quipe<\/h1>\n<p>Chez SPYKE, nous sommes convaincus que les contenus journalistiques sont le meilleur moyen de capter et de retenir l\u2019attention des consommateurs. Une exp\u00e9rience en journalisme et en marketing est donc requise pour tous nos collaborateurs.<\/p>\n<\/div>\n<\/div><\/div><\/div><div id=\"pgc-gb724-69e3435707193-0-1\"  class=\"panel-grid-cell\" ><div id=\"panel-gb724-69e3435707193-0-1-0\" class=\"so-panel widget widget_sow-image panel-first-child panel-last-child\" data-index=\"1\" ><div class=\"big-triangle-image panel-widget-style panel-widget-style-for-gb724-69e3435707193-0-1-0\" ><div\n\t\t\t\n\t\t\tclass=\"so-widget-sow-image so-widget-sow-image-default-8b5b6f678277-724\"\n\t\t\t\n\t\t>\n<div class=\"sow-image-container\">\n\t\t<img \n\tsrc=\"https:\/\/www.spyke.be\/wp-content\/uploads\/2023\/09\/spyke-team-header-2.png\" width=\"734\" height=\"447\" srcset=\"https:\/\/www.spyke.be\/wp-content\/uploads\/2023\/09\/spyke-team-header-2.png 734w, https:\/\/www.spyke.be\/wp-content\/uploads\/2023\/09\/spyke-team-header-2-300x183.png 300w\" sizes=\"(max-width: 734px) 100vw, 734px\" alt=\"\" \t\tclass=\"so-widget-image\"\/>\n\t<\/div>\n\n<\/div><\/div><\/div><\/div><\/div><\/div><div id=\"pg-gb724-69e3435707193-1\"  class=\"panel-grid panel-has-style\" ><div class=\"rij_team panel-row-style panel-row-style-for-gb724-69e3435707193-1\" ><div id=\"pgc-gb724-69e3435707193-1-0\"  class=\"panel-grid-cell\" ><div id=\"panel-gb724-69e3435707193-1-0-0\" class=\"so-panel widget widget_siteorigin-panels-builder panel-first-child panel-last-child\" data-index=\"2\" ><div id=\"pl-w6964c5de0aa16\"  class=\"panel-layout wp-block-siteorigin-panels-layout-block\" ><div id=\"pg-w6964c5de0aa16-0\"  class=\"panel-grid panel-no-style\" ><div id=\"pgc-w6964c5de0aa16-0-0\"  class=\"panel-grid-cell\" ><div id=\"panel-w6964c5de0aa16-0-0-0\" class=\"so-panel widget widget_sow-image panel-first-child panel-last-child\" data-index=\"0\" ><div\n\t\t\t\n\t\t\tclass=\"so-widget-sow-image so-widget-sow-image-default-8b5b6f678277\"\n\t\t\t\n\t\t>\n<div class=\"sow-image-container\">\n\t\t<img \n\tsrc=\"https:\/\/www.spyke.be\/wp-content\/uploads\/2026\/01\/E6A9053-scaled.jpg\" width=\"1707\" height=\"2560\" srcset=\"https:\/\/www.spyke.be\/wp-content\/uploads\/2026\/01\/E6A9053-scaled.jpg 1707w, https:\/\/www.spyke.be\/wp-content\/uploads\/2026\/01\/E6A9053-200x300.jpg 200w, https:\/\/www.spyke.be\/wp-content\/uploads\/2026\/01\/E6A9053-683x1024.jpg 683w, https:\/\/www.spyke.be\/wp-content\/uploads\/2026\/01\/E6A9053-768x1152.jpg 768w, https:\/\/www.spyke.be\/wp-content\/uploads\/2026\/01\/E6A9053-1024x1536.jpg 1024w, https:\/\/www.spyke.be\/wp-content\/uploads\/2026\/01\/E6A9053-1365x2048.jpg 1365w\" sizes=\"(max-width: 1707px) 100vw, 1707px\" title=\"_E6A9053\" alt=\"\" \t\tclass=\"so-widget-image\"\/>\n\t<\/div>\n\n<\/div><\/div><\/div><div id=\"pgc-w6964c5de0aa16-0-1\"  class=\"panel-grid-cell\" ><div id=\"panel-w6964c5de0aa16-0-1-0\" class=\"so-panel widget widget_sow-editor panel-first-child\" data-index=\"1\" ><div\n\t\t\t\n\t\t\tclass=\"so-widget-sow-editor so-widget-sow-editor-base\"\n\t\t\t\n\t\t>\n<div class=\"siteorigin-widget-tinymce textwidget\">\n\t<h2>Bart Lombaerts<\/h2>\n<p>Combler le foss\u00e9 entre marques et consommateurs. Voil\u00e0 la t\u00e2che qui occupe chaque journ\u00e9e de Bart. Pour y parvenir, il juge essentiel d\u2019injecter du sens dans la communication.<\/p>\n<p>En tant que Head of Content, Bart aide les marques \u00e0 procurer de la valeur ajout\u00e9e \u00e0 leurs consommateurs. Pas seulement en \u00e9laborant des strat\u00e9gies, mais aussi en prenant la plume ou en tendant un micro.<\/p>\n<p>Il inspire \u00e9galement le monde du marketing par ses livres et ses formations. Il donne notamment cours pour BAM, l\u2019UBA, l\u2019AP Hogeschool et l\u2019IHECS. Il a cosign\u00e9 deux ouvrages sur le marketing de contenu\u00a0: <a href=\"https:\/\/www.ditiscontentmarketing.be\/\">\u00ab\u00a0Dit is Content Marketing\u00a0\u00bb<\/a>, \u00e9lu Marketing Book of the Year en 2020, et \u00ab\u00a0Content Marketing \u2013 van marketeer tot uitgever\u00a0\u00bb. Il est \u00e9galement l\u2019auteur d\u2019un ouvrage consacr\u00e9 au meaningful marketing.<\/p>\n<p>Enfin, Bart est pr\u00e9sident de l\u2019Expert Hub Content Marketing chez BAM.<\/p>\n<\/div>\n<\/div><\/div><div id=\"panel-w6964c5de0aa16-0-1-1\" class=\"so-panel widget widget_sow-editor panel-last-child\" data-index=\"2\" ><div class=\"link-red-arrow panel-widget-style panel-widget-style-for-w6964c5de0aa16-0-1-1\" ><div\n\t\t\t\n\t\t\tclass=\"so-widget-sow-editor so-widget-sow-editor-base\"\n\t\t\t\n\t\t>\n<div class=\"siteorigin-widget-tinymce textwidget\">\n\t<p><a href=\"https:\/\/be.linkedin.com\/in\/bart-lombaerts-91b5621\" target=\"_blank\" rel=\"noopener\">Bart sur LinkedIn<\/a><\/p>\n<\/div>\n<\/div><\/div><\/div><\/div><\/div><div id=\"pg-w6964c5de0aa16-1\"  class=\"panel-grid panel-no-style\" ><div id=\"pgc-w6964c5de0aa16-1-0\"  class=\"panel-grid-cell\" ><div id=\"panel-w6964c5de0aa16-1-0-0\" class=\"so-panel widget widget_sow-image panel-first-child panel-last-child\" data-index=\"3\" ><div\n\t\t\t\n\t\t\tclass=\"so-widget-sow-image so-widget-sow-image-default-8b5b6f678277\"\n\t\t\t\n\t\t>\n<div class=\"sow-image-container\">\n\t\t<img \n\tsrc=\"https:\/\/www.spyke.be\/wp-content\/uploads\/2026\/01\/E6A9142-scaled.jpg\" width=\"1707\" height=\"2560\" srcset=\"https:\/\/www.spyke.be\/wp-content\/uploads\/2026\/01\/E6A9142-scaled.jpg 1707w, https:\/\/www.spyke.be\/wp-content\/uploads\/2026\/01\/E6A9142-200x300.jpg 200w, https:\/\/www.spyke.be\/wp-content\/uploads\/2026\/01\/E6A9142-683x1024.jpg 683w, https:\/\/www.spyke.be\/wp-content\/uploads\/2026\/01\/E6A9142-768x1152.jpg 768w, https:\/\/www.spyke.be\/wp-content\/uploads\/2026\/01\/E6A9142-1024x1536.jpg 1024w, https:\/\/www.spyke.be\/wp-content\/uploads\/2026\/01\/E6A9142-1365x2048.jpg 1365w\" sizes=\"(max-width: 1707px) 100vw, 1707px\" title=\"_E6A9142\" alt=\"\" \t\tclass=\"so-widget-image\"\/>\n\t<\/div>\n\n<\/div><\/div><\/div><div id=\"pgc-w6964c5de0aa16-1-1\"  class=\"panel-grid-cell\" ><div id=\"panel-w6964c5de0aa16-1-1-0\" class=\"so-panel widget widget_sow-editor panel-first-child\" data-index=\"4\" ><div\n\t\t\t\n\t\t\tclass=\"so-widget-sow-editor so-widget-sow-editor-base\"\n\t\t\t\n\t\t>\n<div class=\"siteorigin-widget-tinymce textwidget\">\n\t<h2>Wout Ectors<\/h2>\n<p>Wout a \u00e9tudi\u00e9 la communication, avec option journalisme. D\u00e9but octobre 2022, il rejoint SPYKE en tant que journaliste, o\u00f9 il est charg\u00e9 de produire des articles. Pendant son temps libre, Wout Ectors est r\u00e9dacteur en chef de Door Fans Voor Fans, un site de football alternatif qu&rsquo;il a fond\u00e9 en 2016.<\/p>\n<\/div>\n<\/div><\/div><div id=\"panel-w6964c5de0aa16-1-1-1\" class=\"so-panel widget widget_sow-editor panel-last-child\" data-index=\"5\" ><div class=\"link-red-arrow panel-widget-style panel-widget-style-for-w6964c5de0aa16-1-1-1\" ><div\n\t\t\t\n\t\t\tclass=\"so-widget-sow-editor so-widget-sow-editor-base\"\n\t\t\t\n\t\t>\n<div class=\"siteorigin-widget-tinymce textwidget\">\n\t<p><a href=\"https:\/\/www.linkedin.com\/in\/wout-ectors-304804167\/\" target=\"_blank\" rel=\"noopener\">Wout sur LinkedIn<\/a><\/p>\n<\/div>\n<\/div><\/div><\/div><\/div><\/div><div id=\"pg-w6964c5de0aa16-2\"  class=\"panel-grid panel-no-style\" ><div id=\"pgc-w6964c5de0aa16-2-0\"  class=\"panel-grid-cell\" ><div id=\"panel-w6964c5de0aa16-2-0-0\" class=\"so-panel widget widget_sow-image panel-first-child panel-last-child\" data-index=\"6\" ><div\n\t\t\t\n\t\t\tclass=\"so-widget-sow-image so-widget-sow-image-default-8b5b6f678277\"\n\t\t\t\n\t\t>\n<div class=\"sow-image-container\">\n\t\t<img \n\tsrc=\"https:\/\/www.spyke.be\/wp-content\/uploads\/2026\/01\/E6A9021-scaled.jpg\" width=\"1707\" height=\"2560\" srcset=\"https:\/\/www.spyke.be\/wp-content\/uploads\/2026\/01\/E6A9021-scaled.jpg 1707w, https:\/\/www.spyke.be\/wp-content\/uploads\/2026\/01\/E6A9021-200x300.jpg 200w, https:\/\/www.spyke.be\/wp-content\/uploads\/2026\/01\/E6A9021-683x1024.jpg 683w, https:\/\/www.spyke.be\/wp-content\/uploads\/2026\/01\/E6A9021-768x1152.jpg 768w, https:\/\/www.spyke.be\/wp-content\/uploads\/2026\/01\/E6A9021-1024x1536.jpg 1024w, https:\/\/www.spyke.be\/wp-content\/uploads\/2026\/01\/E6A9021-1365x2048.jpg 1365w\" sizes=\"(max-width: 1707px) 100vw, 1707px\" title=\"_E6A9021\" alt=\"\" \t\tclass=\"so-widget-image\"\/>\n\t<\/div>\n\n<\/div><\/div><\/div><div id=\"pgc-w6964c5de0aa16-2-1\"  class=\"panel-grid-cell\" ><div id=\"panel-w6964c5de0aa16-2-1-0\" class=\"so-panel widget widget_sow-editor panel-first-child\" data-index=\"7\" ><div\n\t\t\t\n\t\t\tclass=\"so-widget-sow-editor so-widget-sow-editor-base\"\n\t\t\t\n\t\t>\n<div class=\"siteorigin-widget-tinymce textwidget\">\n\t<h2>Erlijn Mostinckx<\/h2>\n<p>Erlijn est le pilier de SPYKE. En tant que Head of Operations, elle veille \u00e0 ce que tous les contenus parviennent au client dans les d\u00e9lais et avec un niveau de qualit\u00e9 \u00e9lev\u00e9. Elle assume \u00e9galement le r\u00f4le de chef de projet. Cela fait d&rsquo;elle un maillon important dans la relation entre le client d&rsquo;une part et les SPYKIES d&rsquo;autre part. Forte de plus de 6 ans d&rsquo;exp\u00e9rience, elle est \u00e9galement rompue \u00e0 la gestion des diff\u00e9rents aspects d&rsquo;une \u00e9quipe \u00e9ditoriale.<\/p>\n<\/div>\n<\/div><\/div><div id=\"panel-w6964c5de0aa16-2-1-1\" class=\"so-panel widget widget_sow-editor panel-last-child\" data-index=\"8\" ><div class=\"link-red-arrow panel-widget-style panel-widget-style-for-w6964c5de0aa16-2-1-1\" ><div\n\t\t\t\n\t\t\tclass=\"so-widget-sow-editor so-widget-sow-editor-base\"\n\t\t\t\n\t\t>\n<div class=\"siteorigin-widget-tinymce textwidget\">\n\t<p><a href=\"https:\/\/be.linkedin.com\/in\/erlijn-mostinckx-21190217b\/en\" target=\"_blank\" rel=\"noopener\">Erlijn sur LinkedIn<\/a><\/p>\n<\/div>\n<\/div><\/div><\/div><\/div><\/div><\/div><\/div><\/div><\/div><\/div><div id=\"pg-gb724-69e3435707193-2\"  class=\"panel-grid panel-has-style\" ><div class=\"rij_team_experts panel-row-style panel-row-style-for-gb724-69e3435707193-2\" ><div id=\"pgc-gb724-69e3435707193-2-0\"  class=\"panel-grid-cell\" ><div id=\"panel-gb724-69e3435707193-2-0-0\" class=\"so-panel widget widget_sow-editor panel-first-child panel-last-child\" data-index=\"3\" ><div\n\t\t\t\n\t\t\tclass=\"so-widget-sow-editor so-widget-sow-editor-base\"\n\t\t\t\n\t\t>\n<div class=\"siteorigin-widget-tinymce textwidget\">\n\t<h2>Nos SPYKIES<\/h2>\n<p>Nous sommes convaincus de la n\u00e9cessit\u00e9 de faire appel au bon sp\u00e9cialiste pour chaque projet. C\u2019est pourquoi notre \u00e9quipe interne reste d\u00e9lib\u00e9r\u00e9ment r\u00e9duite et fait appel \u00e0 des free-lances, tous experts dans leur domaine, qu\u2019il s\u2019agisse de la photographie, du web design, de la r\u00e9daction de textes ou de la r\u00e9alisation de vid\u00e9os.<\/p>\n<\/div>\n<\/div><\/div><\/div><\/div><\/div><div id=\"pg-gb724-69e3435707193-3\"  class=\"panel-grid panel-has-style\" ><div class=\"rij_image panel-row-style panel-row-style-for-gb724-69e3435707193-3\" ><div id=\"pgc-gb724-69e3435707193-3-0\"  class=\"panel-grid-cell\" ><div id=\"panel-gb724-69e3435707193-3-0-0\" class=\"so-panel widget widget_sow-image panel-first-child panel-last-child\" data-index=\"4\" ><div\n\t\t\t\n\t\t\tclass=\"so-widget-sow-image so-widget-sow-image-default-8b5b6f678277-724\"\n\t\t\t\n\t\t>\n<div class=\"sow-image-container\">\n\t\t<img \n\tsrc=\"https:\/\/www.spyke.be\/wp-content\/uploads\/2026\/01\/HR_6K-DJI_0365-scaled.jpg\" width=\"2560\" height=\"1920\" srcset=\"https:\/\/www.spyke.be\/wp-content\/uploads\/2026\/01\/HR_6K-DJI_0365-scaled.jpg 2560w, https:\/\/www.spyke.be\/wp-content\/uploads\/2026\/01\/HR_6K-DJI_0365-300x225.jpg 300w, https:\/\/www.spyke.be\/wp-content\/uploads\/2026\/01\/HR_6K-DJI_0365-1024x768.jpg 1024w, https:\/\/www.spyke.be\/wp-content\/uploads\/2026\/01\/HR_6K-DJI_0365-768x576.jpg 768w, https:\/\/www.spyke.be\/wp-content\/uploads\/2026\/01\/HR_6K-DJI_0365-1536x1152.jpg 1536w, https:\/\/www.spyke.be\/wp-content\/uploads\/2026\/01\/HR_6K-DJI_0365-2048x1536.jpg 2048w\" sizes=\"(max-width: 2560px) 100vw, 2560px\" title=\"HR_6K-DJI_0365\" alt=\"\" \t\tclass=\"so-widget-image\"\/>\n\t<\/div>\n\n<\/div><\/div><\/div><\/div><\/div><\/div>","protected":false},"excerpt":{"rendered":"<p>\u00c9quipe Chez SPYKE, nous sommes convaincus que les contenus journalistiques sont le meilleur moyen de capter et de retenir l\u2019attention des consommateurs. Une exp\u00e9rience en journalisme et en marketing est donc requise pour tous nos collaborateurs.<\/p>\n","protected":false},"author":1,"featured_media":0,"parent":0,"menu_order":0,"comment_status":"closed","ping_status":"closed","template":"","meta":{"footnotes":""},"class_list":["post-724","page","type-page","status-publish","hentry"],"yoast_head":"<!-- This site is optimized with the Yoast SEO plugin v25.3 - https:\/\/yoast.com\/wordpress\/plugins\/seo\/ -->\n<title>\u00c9quipe - Spyke<\/title>\n<meta name=\"robots\" content=\"index, follow, max-snippet:-1, max-image-preview:large, max-video-preview:-1\" \/>\n<link rel=\"canonical\" href=\"https:\/\/www.spyke.be\/fr\/equipe\/\" \/>\n<meta property=\"og:locale\" content=\"fr_FR\" \/>\n<meta property=\"og:type\" content=\"article\" \/>\n<meta property=\"og:title\" content=\"\u00c9quipe - Spyke\" \/>\n<meta property=\"og:description\" content=\"\u00c9quipe Chez SPYKE, nous sommes convaincus que les contenus journalistiques sont le meilleur moyen de capter et de retenir l\u2019attention des consommateurs. Une exp\u00e9rience en journalisme et en marketing est donc requise pour tous nos collaborateurs.\" \/>\n<meta property=\"og:url\" content=\"https:\/\/www.spyke.be\/fr\/equipe\/\" \/>\n<meta property=\"og:site_name\" content=\"Spyke\" \/>\n<meta property=\"article:modified_time\" content=\"2026-01-12T09:59:07+00:00\" \/>\n<meta name=\"twitter:card\" content=\"summary_large_image\" \/>\n<meta name=\"twitter:label1\" content=\"Dur\u00e9e de lecture estim\u00e9e\" \/>\n\t<meta name=\"twitter:data1\" content=\"3 minutes\" \/>\n<script type=\"application\/ld+json\" class=\"yoast-schema-graph\">{\"@context\":\"https:\/\/schema.org\",\"@graph\":[{\"@type\":\"WebPage\",\"@id\":\"https:\/\/www.spyke.be\/fr\/equipe\/\",\"url\":\"https:\/\/www.spyke.be\/fr\/equipe\/\",\"name\":\"\u00c9quipe - Spyke\",\"isPartOf\":{\"@id\":\"https:\/\/www.spyke.be\/fr\/#website\"},\"datePublished\":\"2021-10-22T14:03:48+00:00\",\"dateModified\":\"2026-01-12T09:59:07+00:00\",\"breadcrumb\":{\"@id\":\"https:\/\/www.spyke.be\/fr\/equipe\/#breadcrumb\"},\"inLanguage\":\"fr-FR\",\"potentialAction\":[{\"@type\":\"ReadAction\",\"target\":[\"https:\/\/www.spyke.be\/fr\/equipe\/\"]}]},{\"@type\":\"BreadcrumbList\",\"@id\":\"https:\/\/www.spyke.be\/fr\/equipe\/#breadcrumb\",\"itemListElement\":[{\"@type\":\"ListItem\",\"position\":1,\"name\":\"Home\",\"item\":\"https:\/\/www.spyke.be\/fr\/\"},{\"@type\":\"ListItem\",\"position\":2,\"name\":\"\u00c9quipe\"}]},{\"@type\":\"WebSite\",\"@id\":\"https:\/\/www.spyke.be\/fr\/#website\",\"url\":\"https:\/\/www.spyke.be\/fr\/\",\"name\":\"Spyke\",\"description\":\"\",\"potentialAction\":[{\"@type\":\"SearchAction\",\"target\":{\"@type\":\"EntryPoint\",\"urlTemplate\":\"https:\/\/www.spyke.be\/fr\/?s={search_term_string}\"},\"query-input\":{\"@type\":\"PropertyValueSpecification\",\"valueRequired\":true,\"valueName\":\"search_term_string\"}}],\"inLanguage\":\"fr-FR\"}]}<\/script>\n<!-- \/ Yoast SEO plugin. -->","yoast_head_json":{"title":"\u00c9quipe - Spyke","robots":{"index":"index","follow":"follow","max-snippet":"max-snippet:-1","max-image-preview":"max-image-preview:large","max-video-preview":"max-video-preview:-1"},"canonical":"https:\/\/www.spyke.be\/fr\/equipe\/","og_locale":"fr_FR","og_type":"article","og_title":"\u00c9quipe - Spyke","og_description":"\u00c9quipe Chez SPYKE, nous sommes convaincus que les contenus journalistiques sont le meilleur moyen de capter et de retenir l\u2019attention des consommateurs. Une exp\u00e9rience en journalisme et en marketing est donc requise pour tous nos collaborateurs.","og_url":"https:\/\/www.spyke.be\/fr\/equipe\/","og_site_name":"Spyke","article_modified_time":"2026-01-12T09:59:07+00:00","twitter_card":"summary_large_image","twitter_misc":{"Dur\u00e9e de lecture estim\u00e9e":"3 minutes"},"schema":{"@context":"https:\/\/schema.org","@graph":[{"@type":"WebPage","@id":"https:\/\/www.spyke.be\/fr\/equipe\/","url":"https:\/\/www.spyke.be\/fr\/equipe\/","name":"\u00c9quipe - Spyke","isPartOf":{"@id":"https:\/\/www.spyke.be\/fr\/#website"},"datePublished":"2021-10-22T14:03:48+00:00","dateModified":"2026-01-12T09:59:07+00:00","breadcrumb":{"@id":"https:\/\/www.spyke.be\/fr\/equipe\/#breadcrumb"},"inLanguage":"fr-FR","potentialAction":[{"@type":"ReadAction","target":["https:\/\/www.spyke.be\/fr\/equipe\/"]}]},{"@type":"BreadcrumbList","@id":"https:\/\/www.spyke.be\/fr\/equipe\/#breadcrumb","itemListElement":[{"@type":"ListItem","position":1,"name":"Home","item":"https:\/\/www.spyke.be\/fr\/"},{"@type":"ListItem","position":2,"name":"\u00c9quipe"}]},{"@type":"WebSite","@id":"https:\/\/www.spyke.be\/fr\/#website","url":"https:\/\/www.spyke.be\/fr\/","name":"Spyke","description":"","potentialAction":[{"@type":"SearchAction","target":{"@type":"EntryPoint","urlTemplate":"https:\/\/www.spyke.be\/fr\/?s={search_term_string}"},"query-input":{"@type":"PropertyValueSpecification","valueRequired":true,"valueName":"search_term_string"}}],"inLanguage":"fr-FR"}]}},"_links":{"self":[{"href":"https:\/\/www.spyke.be\/fr\/wp-json\/wp\/v2\/pages\/724","targetHints":{"allow":["GET"]}}],"collection":[{"href":"https:\/\/www.spyke.be\/fr\/wp-json\/wp\/v2\/pages"}],"about":[{"href":"https:\/\/www.spyke.be\/fr\/wp-json\/wp\/v2\/types\/page"}],"author":[{"embeddable":true,"href":"https:\/\/www.spyke.be\/fr\/wp-json\/wp\/v2\/users\/1"}],"replies":[{"embeddable":true,"href":"https:\/\/www.spyke.be\/fr\/wp-json\/wp\/v2\/comments?post=724"}],"version-history":[{"count":10,"href":"https:\/\/www.spyke.be\/fr\/wp-json\/wp\/v2\/pages\/724\/revisions"}],"predecessor-version":[{"id":2487,"href":"https:\/\/www.spyke.be\/fr\/wp-json\/wp\/v2\/pages\/724\/revisions\/2487"}],"wp:attachment":[{"href":"https:\/\/www.spyke.be\/fr\/wp-json\/wp\/v2\/media?parent=724"}],"curies":[{"name":"wp","href":"https:\/\/api.w.org\/{rel}","templated":true}]}}