{"id":722,"date":"2021-10-22T14:55:41","date_gmt":"2021-10-22T13:55:41","guid":{"rendered":"https:\/\/www.spyke.be\/spyke-campus\/conseils-et-astuces\/"},"modified":"2021-10-22T14:55:41","modified_gmt":"2021-10-22T13:55:41","slug":"conseils-et-astuces","status":"publish","type":"page","link":"https:\/\/www.spyke.be\/fr\/spyke-campus\/conseils-et-astuces\/","title":{"rendered":"Conseils et astuces"},"content":{"rendered":"<div id=\"pl-gb722-69f1c5c98f4b8\"  class=\"panel-layout\" ><div id=\"pg-gb722-69f1c5c98f4b8-0\"  class=\"panel-grid panel-has-style\" ><div class=\"intro back-button panel-row-style panel-row-style-for-gb722-69f1c5c98f4b8-0\" ><div id=\"pgc-gb722-69f1c5c98f4b8-0-0\"  class=\"panel-grid-cell\" ><div id=\"panel-gb722-69f1c5c98f4b8-0-0-0\" class=\"so-panel widget widget_sow-editor panel-first-child panel-last-child\" data-index=\"0\" ><div\n\t\t\t\n\t\t\tclass=\"so-widget-sow-editor so-widget-sow-editor-base\"\n\t\t\t\n\t\t>\n<div class=\"siteorigin-widget-tinymce textwidget\">\n\t<p><a href=\"https:\/\/www.spyke.be\/spyke-campus\/\">Spyke campus<\/a><\/p>\n<h1>Conseils et astuces<\/h1>\n<\/div>\n<\/div><\/div><\/div><\/div><\/div><div id=\"pg-gb722-69f1c5c98f4b8-1\"  class=\"panel-grid panel-no-style\" ><div id=\"pgc-gb722-69f1c5c98f4b8-1-0\"  class=\"panel-grid-cell\" ><div id=\"panel-gb722-69f1c5c98f4b8-1-0-0\" class=\"so-panel widget widget_siteorigin-panels-postloop panel-first-child panel-last-child\" data-index=\"1\" >\r\n    <div class=\"loop loop-inzichten clearfix\">\r\n      \r\n        <a href=\"https:\/\/www.spyke.be\/fr\/inzicht\/ce-que-taylor-swift-apprend-aux-marketers-sur-geo\/\">\r\n          <div class=\"\">\r\n            <div class=\"inzicht-image\" style=\"background-image: url('https:\/\/www.spyke.be\/wp-content\/uploads\/2026\/04\/iStock-1822456049-1.jpg');\"><\/div>\r\n            <div class=\"inzicht-content\">\r\n              <h2>Ce que Taylor Swift apprend aux marketers sur GEO<\/h2>\r\n              <h5>Bart Lombaert \u2014 01\/04\/2026<\/h5>\r\n              <p>Les Large Language Models (LLM) transforment nos recherches en ligne \u2013 et cette \u00e9volution exige une approche strat\u00e9gique profond\u00e9ment diff\u00e9rente, bien au-del\u00e0 du simple maniement de mots-cl\u00e9s. Voil\u00e0 la th\u00e8se d\u00e9fendue par Bart Lombaerts, Head of Content, et son confr\u00e8re Chris Van Gils de ContentMoon, lors d&rsquo;une session \u00e0 la FEB. Et de citer Taylor Swift comme exemple inspirant.<\/p>\n            <\/div>\r\n          <\/div>\r\n        <\/a>\r\n      \r\n        <a href=\"https:\/\/www.spyke.be\/fr\/inzicht\/peut-on-creer-du-bon-contenu-uniquement-avec-lia\/\">\r\n          <div class=\"\">\r\n            <div class=\"inzicht-image\" style=\"background-image: url('https:\/\/www.spyke.be\/wp-content\/uploads\/2026\/03\/AI-scaled.jpg');\"><\/div>\r\n            <div class=\"inzicht-content\">\r\n              <h2>Peut-on cr\u00e9er du bon contenu uniquement avec l\u2019IA\u2009?<\/h2>\r\n              <h5>Wout Ectors \u2014 19\/03\/2026<\/h5>\r\n              <p>C\u2019est la question que nous avons pos\u00e9e, via un sondage LinkedIn, aux meilleurs content marketers du pays. La tendance est nette\u2009: non, probablement pas. Une vision que nous partageons \u2013 et que nous souhaitons \u00e9tayer.<\/p>\n            <\/div>\r\n          <\/div>\r\n        <\/a>\r\n      \r\n        <a href=\"https:\/\/www.spyke.be\/fr\/inzicht\/branding-en-2026-des-patissiers-avises-qui-faconnent-la-marque-avec-le-content-marketing\/\">\r\n          <div class=\"\">\r\n            <div class=\"inzicht-image\" style=\"background-image: url('https:\/\/www.spyke.be\/wp-content\/uploads\/2026\/03\/Taart-branding-FR.jpg');\"><\/div>\r\n            <div class=\"inzicht-content\">\r\n              <h2>Branding en 2026 : des p\u00e2tissiers avis\u00e9s qui fa\u00e7onnent la marque avec le content marketing<\/h2>\r\n              <h5>Wout Ectors \u2014 03\/03\/2026<\/h5>\r\n              <p>Pendant longtemps, le content marketing n\u2019a constitu\u00e9 que la simple base du g\u00e2teau \u00e0 la cr\u00e8me qu\u2019\u00e9tait la publicit\u00e9. Les p\u00e2tissiers consacraient certes beaucoup d\u2019attention au branding, mais au prix d\u2019investissements cons\u00e9quents dans des spots inoubliables. Aujourd\u2019hui, la donne a chang\u00e9. \u00c0 mesure que la publicit\u00e9 \u00e9volue vers le performance marketing, les plans de contenu intelligents deviennent un levier essentiel de construction de la marque. Le content marketing s\u2019impose ainsi comme l\u2019ingr\u00e9dient principal, les campagnes publicitaires n\u2019\u00e9tant plus que les fraises en garniture. <\/p>\n            <\/div>\r\n          <\/div>\r\n        <\/a>\r\n      \r\n        <a href=\"https:\/\/www.spyke.be\/fr\/inzicht\/la-recherche-zero-clic-comment-moins-de-recherches-creent-une-enorme-opportunite\/\">\r\n          <div class=\"\">\r\n            <div class=\"inzicht-image\" style=\"background-image: url('https:\/\/www.spyke.be\/wp-content\/uploads\/2025\/06\/Zero-click-search-scaled.jpg');\"><\/div>\r\n            <div class=\"inzicht-content\">\r\n              <h2>La recherche z\u00e9ro-clic : comment moins de recherches cr\u00e9ent une \u00e9norme opportunit\u00e9<\/h2>\r\n              <h5>Wout Ectors \u2014 26\/06\/2025<\/h5>\r\n              <p>Vous l\u2019aurez sans doute d\u00e9j\u00e0 remarqu\u00e9 : les Google AI Overviews ont d\u00e9barqu\u00e9 en Belgique. En haut de la liste habituelle des pages Web, vous voyez d\u00e9sormais appara\u00eetre une synth\u00e8se g\u00e9n\u00e9r\u00e9e par l\u2019IA. Il ne s\u2019agit pas d\u2019une innovation isol\u00e9e, mais d\u2019une nouvelle phase d\u2019une tendance claire vers la recherche sans clic. L\u2019impact sur le marketing de contenu est important. Tr\u00e8s important.<\/p>\n            <\/div>\r\n          <\/div>\r\n        <\/a>\r\n      \r\n        <a href=\"https:\/\/www.spyke.be\/fr\/inzicht\/trouver-le-bon-equilibre-entre-contenus-planifies-et-ad-hoc\/\">\r\n          <div class=\"\">\r\n            <div class=\"inzicht-image\" style=\"background-image: url('https:\/\/www.spyke.be\/wp-content\/uploads\/2025\/06\/contentplanning-rs.jpg');\"><\/div>\r\n            <div class=\"inzicht-content\">\r\n              <h2>Trouver le bon \u00e9quilibre entre contenus planifi\u00e9s et ad hoc<\/h2>\r\n              <h5>Wout Ectors \u2014 12\/06\/2025<\/h5>\r\n              <p>\u00ab Quel pourcentage de votre contenu est planifi\u00e9 ? \u00bb, avons-nous demand\u00e9 il y a quelque temps par le biais d\u2019un sondage sur LinkedIn. \u00c0 notre grande satisfaction, nous avons constat\u00e9 que la plupart pr\u00e9f\u00e8rent \u00e9viter les extr\u00eames \u2013 un planning rigide versus une production de contenus enti\u00e8rement al\u00e9atoire. Car la cl\u00e9 du succ\u00e8s r\u00e9side bel et bien dans le juste \u00e9quilibre. Reste \u00e0 savoir comment le trouver\u2026<\/p>\n            <\/div>\r\n          <\/div>\r\n        <\/a>\r\n      \r\n        <a href=\"https:\/\/www.spyke.be\/fr\/inzicht\/la-recette-dun-contenu-rh-efficace\/\">\r\n          <div class=\"\">\r\n            <div class=\"inzicht-image\" style=\"background-image: url('https:\/\/www.spyke.be\/wp-content\/uploads\/2025\/05\/J2A5188-scaled.jpg');\"><\/div>\r\n            <div class=\"inzicht-content\">\r\n              <h2>Pas de marque employeur sans cr\u00e9dibilit\u00e9 : la recette d\u2019un contenu RH efficace<\/h2>\r\n              <h5>Wouter Temmerman \u2014 14\/05\/2025<\/h5>\r\n              <p>L\u2019employer branding a de plus en plus recours au storytelling, mais le succ\u00e8s n\u2019est pas toujours au rendez-vous. En cause : un d\u00e9ficit de cr\u00e9dibilit\u00e9. Entre la pr\u00e9sentation enthousiaste des collaborateurs et la r\u00e9alit\u00e9 sur le lieu de travail, il y a parfois un foss\u00e9 aux effets d\u00e9sastreux. Comment \u00e9viter cet \u00e9cueil ? <\/p>\n            <\/div>\r\n          <\/div>\r\n        <\/a>\r\n      \r\n        <a href=\"https:\/\/www.spyke.be\/fr\/inzicht\/decouvrez-le-portrait-robot-de-lauditeur-belge-de-podcast\/\">\r\n          <div class=\"\">\r\n            <div class=\"inzicht-image\" style=\"background-image: url('https:\/\/www.spyke.be\/wp-content\/uploads\/2022\/05\/dillon-shook-T2KXgTdssx4-unsplash-scaled.jpg');\"><\/div>\r\n            <div class=\"inzicht-content\">\r\n              <h2>D\u00e9couvrez le portrait-robot de l\u2019auditeur belge de podcast<\/h2>\r\n              <h5>Wouter Temmerman \u2014 02\/04\/2025<\/h5>\r\n              <p>De nos jours, les Belges sont de plus en plus nombreux \u00e0 \u00e9couter des podcasts. Il est donc logique que les marques et les entreprises s\u2019interrogent sur le profil de ces auditeurs. Si les donn\u00e9es abondent \u00e0 l\u2019international, il est plus difficile de dresser le portrait-robot des auditeurs belges. Heureusement, certaines \u00e9tudes apportent des \u00e9l\u00e9ments pr\u00e9cieux.<\/p>\n            <\/div>\r\n          <\/div>\r\n        <\/a>\r\n      \r\n        <a href=\"https:\/\/www.spyke.be\/fr\/inzicht\/trop-de-contenu-tue-le-contenu-selectionnez-pour-gagner\/\">\r\n          <div class=\"\">\r\n            <div class=\"inzicht-image\" style=\"background-image: url('https:\/\/www.spyke.be\/wp-content\/uploads\/2025\/02\/Poll.jpg');\"><\/div>\r\n            <div class=\"inzicht-content\">\r\n              <h2>Trop de contenu tue le contenu : s\u00e9lectionnez pour gagner !<\/h2>\r\n              <h5>Wouter Temmerman \u2014 27\/02\/2025<\/h5>\r\n              <p>En content marketing, cela fait des ann\u00e9es que l\u2019on mart\u00e8le la devise : less is more. Moins de contenu pour plus d\u2019impact. Notre r\u00e9cent sondage sur LinkedIn confirme cette tendance : 78 % des personnes interrog\u00e9es pensent que la bonne strat\u00e9gie consiste \u00e0 faire moins et mieux. Mais si cela est si \u00e9vident, pourquoi de nombreuses marques continuent-elles \u00e0 multiplier les contenus ? En quoi cette approche est-elle bancale ?<\/p>\n            <\/div>\r\n          <\/div>\r\n        <\/a>\r\n      \r\n      <div class=\"pagination\">\r\n          <span aria-current=\"page\" class=\"page-numbers current\">1<\/span>\n<a class=\"page-numbers\" href=\"https:\/\/www.spyke.be\/fr\/wp-json\/wp\/v2\/pages\/722\/page\/2\/\">2<\/a>\n<span class=\"page-numbers dots\">\u2026<\/span>\n<a class=\"page-numbers\" href=\"https:\/\/www.spyke.be\/fr\/wp-json\/wp\/v2\/pages\/722\/page\/5\/\">5<\/a>\n<a class=\"page-numbers\" href=\"https:\/\/www.spyke.be\/fr\/wp-json\/wp\/v2\/pages\/722\/page\/6\/\">6<\/a>\n<a class=\"next page-numbers\" href=\"https:\/\/www.spyke.be\/fr\/wp-json\/wp\/v2\/pages\/722\/page\/2\/\">Suivant <i><\/i><\/a>      <\/div>\r\n    <\/div>\r\n<\/div><\/div><\/div><\/div>","protected":false},"excerpt":{"rendered":"","protected":false},"author":1,"featured_media":0,"parent":716,"menu_order":0,"comment_status":"closed","ping_status":"closed","template":"","meta":{"footnotes":""},"class_list":["post-722","page","type-page","status-publish","hentry"],"yoast_head":"<!-- This site is optimized with the Yoast SEO plugin v25.3 - https:\/\/yoast.com\/wordpress\/plugins\/seo\/ -->\n<title>Conseils et astuces - Spyke<\/title>\n<meta name=\"robots\" content=\"index, follow, max-snippet:-1, max-image-preview:large, max-video-preview:-1\" \/>\n<link rel=\"canonical\" href=\"https:\/\/www.spyke.be\/fr\/spyke-campus\/conseils-et-astuces\/\" \/>\n<meta property=\"og:locale\" content=\"fr_FR\" \/>\n<meta property=\"og:type\" content=\"article\" \/>\n<meta property=\"og:title\" content=\"Conseils et astuces - Spyke\" \/>\n<meta property=\"og:url\" content=\"https:\/\/www.spyke.be\/fr\/spyke-campus\/conseils-et-astuces\/\" \/>\n<meta property=\"og:site_name\" content=\"Spyke\" \/>\n<meta name=\"twitter:card\" content=\"summary_large_image\" \/>\n<script type=\"application\/ld+json\" class=\"yoast-schema-graph\">{\"@context\":\"https:\/\/schema.org\",\"@graph\":[{\"@type\":\"WebPage\",\"@id\":\"https:\/\/www.spyke.be\/fr\/spyke-campus\/conseils-et-astuces\/\",\"url\":\"https:\/\/www.spyke.be\/fr\/spyke-campus\/conseils-et-astuces\/\",\"name\":\"Conseils et astuces - Spyke\",\"isPartOf\":{\"@id\":\"https:\/\/www.spyke.be\/fr\/#website\"},\"datePublished\":\"2021-10-22T13:55:41+00:00\",\"breadcrumb\":{\"@id\":\"https:\/\/www.spyke.be\/fr\/spyke-campus\/conseils-et-astuces\/#breadcrumb\"},\"inLanguage\":\"fr-FR\",\"potentialAction\":[{\"@type\":\"ReadAction\",\"target\":[\"https:\/\/www.spyke.be\/fr\/spyke-campus\/conseils-et-astuces\/\"]}]},{\"@type\":\"BreadcrumbList\",\"@id\":\"https:\/\/www.spyke.be\/fr\/spyke-campus\/conseils-et-astuces\/#breadcrumb\",\"itemListElement\":[{\"@type\":\"ListItem\",\"position\":1,\"name\":\"Home\",\"item\":\"https:\/\/www.spyke.be\/fr\/\"},{\"@type\":\"ListItem\",\"position\":2,\"name\":\"SPYKE campus\",\"item\":\"https:\/\/www.spyke.be\/fr\/spyke-campus\/\"},{\"@type\":\"ListItem\",\"position\":3,\"name\":\"Conseils et astuces\"}]},{\"@type\":\"WebSite\",\"@id\":\"https:\/\/www.spyke.be\/fr\/#website\",\"url\":\"https:\/\/www.spyke.be\/fr\/\",\"name\":\"Spyke\",\"description\":\"\",\"potentialAction\":[{\"@type\":\"SearchAction\",\"target\":{\"@type\":\"EntryPoint\",\"urlTemplate\":\"https:\/\/www.spyke.be\/fr\/?s={search_term_string}\"},\"query-input\":{\"@type\":\"PropertyValueSpecification\",\"valueRequired\":true,\"valueName\":\"search_term_string\"}}],\"inLanguage\":\"fr-FR\"}]}<\/script>\n<!-- \/ Yoast SEO plugin. -->","yoast_head_json":{"title":"Conseils et astuces - Spyke","robots":{"index":"index","follow":"follow","max-snippet":"max-snippet:-1","max-image-preview":"max-image-preview:large","max-video-preview":"max-video-preview:-1"},"canonical":"https:\/\/www.spyke.be\/fr\/spyke-campus\/conseils-et-astuces\/","og_locale":"fr_FR","og_type":"article","og_title":"Conseils et astuces - Spyke","og_url":"https:\/\/www.spyke.be\/fr\/spyke-campus\/conseils-et-astuces\/","og_site_name":"Spyke","twitter_card":"summary_large_image","schema":{"@context":"https:\/\/schema.org","@graph":[{"@type":"WebPage","@id":"https:\/\/www.spyke.be\/fr\/spyke-campus\/conseils-et-astuces\/","url":"https:\/\/www.spyke.be\/fr\/spyke-campus\/conseils-et-astuces\/","name":"Conseils et astuces - Spyke","isPartOf":{"@id":"https:\/\/www.spyke.be\/fr\/#website"},"datePublished":"2021-10-22T13:55:41+00:00","breadcrumb":{"@id":"https:\/\/www.spyke.be\/fr\/spyke-campus\/conseils-et-astuces\/#breadcrumb"},"inLanguage":"fr-FR","potentialAction":[{"@type":"ReadAction","target":["https:\/\/www.spyke.be\/fr\/spyke-campus\/conseils-et-astuces\/"]}]},{"@type":"BreadcrumbList","@id":"https:\/\/www.spyke.be\/fr\/spyke-campus\/conseils-et-astuces\/#breadcrumb","itemListElement":[{"@type":"ListItem","position":1,"name":"Home","item":"https:\/\/www.spyke.be\/fr\/"},{"@type":"ListItem","position":2,"name":"SPYKE campus","item":"https:\/\/www.spyke.be\/fr\/spyke-campus\/"},{"@type":"ListItem","position":3,"name":"Conseils et astuces"}]},{"@type":"WebSite","@id":"https:\/\/www.spyke.be\/fr\/#website","url":"https:\/\/www.spyke.be\/fr\/","name":"Spyke","description":"","potentialAction":[{"@type":"SearchAction","target":{"@type":"EntryPoint","urlTemplate":"https:\/\/www.spyke.be\/fr\/?s={search_term_string}"},"query-input":{"@type":"PropertyValueSpecification","valueRequired":true,"valueName":"search_term_string"}}],"inLanguage":"fr-FR"}]}},"_links":{"self":[{"href":"https:\/\/www.spyke.be\/fr\/wp-json\/wp\/v2\/pages\/722","targetHints":{"allow":["GET"]}}],"collection":[{"href":"https:\/\/www.spyke.be\/fr\/wp-json\/wp\/v2\/pages"}],"about":[{"href":"https:\/\/www.spyke.be\/fr\/wp-json\/wp\/v2\/types\/page"}],"author":[{"embeddable":true,"href":"https:\/\/www.spyke.be\/fr\/wp-json\/wp\/v2\/users\/1"}],"replies":[{"embeddable":true,"href":"https:\/\/www.spyke.be\/fr\/wp-json\/wp\/v2\/comments?post=722"}],"version-history":[{"count":1,"href":"https:\/\/www.spyke.be\/fr\/wp-json\/wp\/v2\/pages\/722\/revisions"}],"predecessor-version":[{"id":723,"href":"https:\/\/www.spyke.be\/fr\/wp-json\/wp\/v2\/pages\/722\/revisions\/723"}],"up":[{"embeddable":true,"href":"https:\/\/www.spyke.be\/fr\/wp-json\/wp\/v2\/pages\/716"}],"wp:attachment":[{"href":"https:\/\/www.spyke.be\/fr\/wp-json\/wp\/v2\/media?parent=722"}],"curies":[{"name":"wp","href":"https:\/\/api.w.org\/{rel}","templated":true}]}}