{"id":720,"date":"2021-10-22T14:55:03","date_gmt":"2021-10-22T13:55:03","guid":{"rendered":"https:\/\/www.spyke.be\/spyke-campus\/livres\/"},"modified":"2021-11-03T14:52:23","modified_gmt":"2021-11-03T13:52:23","slug":"livres","status":"publish","type":"page","link":"https:\/\/www.spyke.be\/fr\/spyke-campus\/livres\/","title":{"rendered":"Livres"},"content":{"rendered":"<div id=\"pl-gb720-69fb3d7fbb604\"  class=\"panel-layout\" ><div id=\"pg-gb720-69fb3d7fbb604-0\"  class=\"panel-grid panel-has-style\" ><div class=\"intro back-button panel-row-style panel-row-style-for-gb720-69fb3d7fbb604-0\" ><div id=\"pgc-gb720-69fb3d7fbb604-0-0\"  class=\"panel-grid-cell\" ><div id=\"panel-gb720-69fb3d7fbb604-0-0-0\" class=\"so-panel widget widget_sow-editor panel-first-child panel-last-child\" data-index=\"0\" ><div\n\t\t\t\n\t\t\tclass=\"so-widget-sow-editor so-widget-sow-editor-base\"\n\t\t\t\n\t\t>\n<div class=\"siteorigin-widget-tinymce textwidget\">\n\t<p><a href=\"https:\/\/www.spyke.be\/spyke-campus\/\">Spyke campus<\/a><\/p>\n<h1>Livres<\/h1>\n<\/div>\n<\/div><\/div><\/div><\/div><\/div><div id=\"pg-gb720-69fb3d7fbb604-1\"  class=\"panel-grid panel-no-style\" ><div id=\"pgc-gb720-69fb3d7fbb604-1-0\"  class=\"panel-grid-cell\" ><div id=\"panel-gb720-69fb3d7fbb604-1-0-0\" class=\"so-panel widget widget_siteorigin-panels-postloop panel-first-child panel-last-child\" data-index=\"1\" >\r\n    <div class=\"loop loop-boeken clearfix\">\r\n              <div class=\"boek clearfix\" id=\"book2179\">\r\n          <div class=\"boek-image\">\r\n            <img src='https:\/\/www.spyke.be\/wp-content\/uploads\/2023\/12\/cover.jpg' alt=\"Do Tell case\">\r\n          <\/div>\r\n          <div class=\"boek-content\">\r\n            <h5>Novembre 2023<\/h5>\r\n            <h2>Do Tell<\/h2>\r\n            <p>Comment communiquez-vous vos efforts en mati\u00e8re de d\u00e9veloppement durable aujourd&rsquo;hui et demain ? Le faites-vous bruyamment, discr\u00e8tement ou pas du tout ? Rester sous le radar est-il une fa\u00e7on intelligente de faire taire les voix critiques ? Ou, en vous taisant, laissez-vous au contraire passer une belle occasion de faire conna\u00eetre l&rsquo;histoire de votre marque ? La mani\u00e8re d&rsquo;aborder le marketing et la communication en mati\u00e8re de d\u00e9veloppement durable reste souvent un grand point d&rsquo;interrogation pour les professionnels. Dans Do tell, quatre experts exp\u00e9riment\u00e9s en marketing et en communication r\u00e9pondent \u00e0 ces questions. Gr\u00e2ce \u00e0 leur feuille de route, ils aident les entreprises et les organisations \u00e0 cr\u00e9er une histoire de durabilit\u00e9 authentique, cr\u00e9dible et soutenue et \u00e0 communiquer avec succ\u00e8s sur leurs efforts en mati\u00e8re de durabilit\u00e9.   <\/p>\n\r\n                            <p class=\"link-red-arrow\">\r\n                  <a target=\"_blank\" href=\"https:\/\/www.lannoocampus.be\/nl\/do-tell\">Acheter le livre<\/a>\r\n                <\/p>\r\n              \r\n          <\/div>\r\n        <\/div>\r\n              <div class=\"boek clearfix\" id=\"book1551\">\r\n          <div class=\"boek-image\">\r\n            <img src='https:\/\/www.spyke.be\/wp-content\/uploads\/2021\/09\/meaningful-marketing-cover.png' alt=\"Meaningful marketing case\">\r\n          <\/div>\r\n          <div class=\"boek-content\">\r\n            <h5>D\u00e9cembre 2018<\/h5>\r\n            <h2>Meaningful marketing<\/h2>\r\n            <p>74 % des marques pourraient dispara\u00eetre sans que cela emp\u00eache les consommateurs de dormir. Nous nous adonnons all\u00e8grement au zapping des \u00e9crans publicitaires et sommes plus de 20 % \u00e0 utiliser un programme antipub ou adblocker. L\u2019image de la publicit\u00e9 ne cesse de se d\u00e9grader. Entre les marques et les consommateurs, on peut donc v\u00e9ritablement parler d\u2019un divorce.<\/p>\n<p>Les marques ont-elles perdu la bataille ? Non, heureusement. Mais elles doivent revoir d\u2019urgence leur copie et proposer une r\u00e9elle valeur ajout\u00e9e aux consommateurs. Le meaningful marketing ou marketing significatif est le seul moyen de r\u00e9tablir la confiance. On ne peut pas se contenter d\u2019inciter les consommateurs \u00e0 l\u2019achat ; il faut leur offrir quelque chose qui d\u00e9bouche sur une relation \u00e0 long terme.<\/p>\n<p>Dans ce livre, Bart d\u00e9crit la fa\u00e7on dont un foss\u00e9 profond s\u2019est creus\u00e9 entre les marques et les consommateurs et la mani\u00e8re dont le marketing significatif peut r\u00e9duire ce foss\u00e9, voire le faire dispara\u00eetre. De nombreux exemples \u00e9clairent cette philosophie et les diff\u00e9rentes techniques qui la sous-tendent pour permettre au lecteur de les appliquer sur-le-champ.<\/p>\n\r\n                            <p class=\"link-red-arrow\">\r\n                  <a target=\"_blank\" href=\"https:\/\/www.lannoo.be\/nl\/meaningful-marketing\">Acheter le livre<\/a>\r\n                <\/p>\r\n              \r\n          <\/div>\r\n        <\/div>\r\n              <div class=\"boek clearfix\" id=\"book1552\">\r\n          <div class=\"boek-image\">\r\n            <img src='https:\/\/www.spyke.be\/wp-content\/uploads\/2021\/09\/dit-is-content-marketing-cover.png' alt=\"Dit is content marketing case\">\r\n          <\/div>\r\n          <div class=\"boek-content\">\r\n            <h5>Octobre 2020<\/h5>\r\n            <h2>Dit is content marketing<\/h2>\r\n            <p>En quelques ann\u00e9es, le marketing de contenu a \u00e9volu\u00e9 d\u2019une simple tendance branch\u00e9e \u00e0 une pratique bien ancr\u00e9e. Rares sont les entreprises qui n\u2019y ont pas encore recours aujourd\u2019hui.<\/p>\n<p>Peu \u00e0 peu, on se rend compte que le marketing de contenu est plus qu\u2019une simple technique. Il s\u2019agit d\u2019un \u00e9tat d\u2019esprit qui ne concerne pas seulement les blogs ou les newsletters, mais peut et doit impr\u00e9gner l\u2019ensemble de la strat\u00e9gie en marketing et communication.<\/p>\n<p>\u00ab Dit is content marketing \u00bb, cosign\u00e9 par Bart, Wouter, Koen Denolf et Michel Libens, montre la place que le marketing de contenu peut occuper dans le marketing mix.<\/p>\n\r\n                            <p class=\"link-red-arrow\">\r\n                  <a target=\"_blank\" href=\"https:\/\/www.lannoo.be\/nl\/dit-content-marketing\">Acheter le livre<\/a>\r\n                <\/p>\r\n              \r\n          <\/div>\r\n        <\/div>\r\n              <div class=\"boek clearfix\" id=\"book1536\">\r\n          <div class=\"boek-image\">\r\n            <img src='https:\/\/www.spyke.be\/wp-content\/uploads\/2021\/09\/content-marketing-cover.png' alt=\"Content marketing \u2013 van marketeer tot uitgever case\">\r\n          <\/div>\r\n          <div class=\"boek-content\">\r\n            <h5>Novembre 2016<\/h5>\r\n            <h2>Content marketing \u2013 van marketeer tot uitgever<\/h2>\r\n            <p>Les consommateurs ne craignent plus de faire entendre leur voix. Ils ne se laissent plus embobiner par les beaux discours, mais exigent des informations fiables. Le marketing se doit de surfer \u00e9galement sur cette vague. Le responsable marketing du 21e si\u00e8cle ne cherche pas \u00e0 imposer son produit aux clients, mais s\u2019efforce de d\u00e9couvrir les besoins concrets des consommateurs en mati\u00e8re d\u2019information.<\/p>\n<p>Toutefois, le succ\u00e8s du content marketing a aussi un revers. Pour faire face \u00e0 la concurrence toujours plus forte dans le secteur, les sp\u00e9cialistes du marketing doivent produire des contenus \u00e0 m\u00eame de convaincre leurs cibles.<\/p>\n<p>Ce livre \u2013 que Wouter et Bart ont \u00e9crit avec Koen Denolf et Michel Libens \u2013 vous d\u00e9voile les \u00e9l\u00e9ments essentiels du content marketing. En partant d\u2019exemples, d\u2019\u00e9tudes de cas et de conseils pratiques, le livre vous fournit des mod\u00e8les et des plans d\u2019action qui vous aideront \u00e0 int\u00e9grer durablement une strat\u00e9gie de content marketing dans votre entreprise.<\/p>\n\r\n                            <p class=\"link-red-arrow\">\r\n                  <a target=\"_blank\" href=\"https:\/\/www.standaardboekhandel.be\/p\/content-marketing-9789401438186\">Acheter le livre<\/a>\r\n                <\/p>\r\n              \r\n          <\/div>\r\n        <\/div>\r\n      \r\n      <div class=\"pagination\">\r\n                <\/div>\r\n    <\/div>\r\n<\/div><\/div><\/div><\/div><div id=\"pl-gb720-69fb3d7fc7939\"  class=\"panel-layout\" ><div id=\"pg-gb720-69fb3d7fc7939-0\"  class=\"panel-grid panel-has-style\" ><div class=\"c2a-block nieuwsbrief-block panel-row-style panel-row-style-for-gb720-69fb3d7fc7939-0\" ><div id=\"pgc-gb720-69fb3d7fc7939-0-0\"  class=\"panel-grid-cell\" ><div id=\"panel-gb720-69fb3d7fc7939-0-0-0\" class=\"so-panel widget widget_sow-editor panel-first-child panel-last-child\" data-index=\"0\" ><div\n\t\t\t\n\t\t\tclass=\"so-widget-sow-editor so-widget-sow-editor-base\"\n\t\t\t\n\t\t>\n<div class=\"siteorigin-widget-tinymce textwidget\">\n\t<p>Vous souhaitez faire le plein d&rsquo;inspiration ?<\/p>\n<p>Alors, inscrivez-vous vite \u00e0 notre newsletter !<\/p>\n<p style=\"text-align: center;\">\n<div class=\"wpcf7 no-js\" id=\"wpcf7-f1638-o1\" lang=\"fr-FR\" dir=\"ltr\" data-wpcf7-id=\"1638\">\n<div class=\"screen-reader-response\"><p role=\"status\" aria-live=\"polite\" aria-atomic=\"true\"><\/p> <ul><\/ul><\/div>\n<form action=\"\/fr\/wp-json\/wp\/v2\/pages\/720#wpcf7-f1638-o1\" method=\"post\" class=\"wpcf7-form init cmonitor-ext-0.4.67\" aria-label=\"Formulaire de contact\" novalidate=\"novalidate\" data-status=\"init\">\n<div style=\"display: none;\">\n<input type=\"hidden\" name=\"_wpcf7\" value=\"1638\" \/>\n<input type=\"hidden\" name=\"_wpcf7_version\" value=\"6.0.6\" \/>\n<input type=\"hidden\" name=\"_wpcf7_locale\" value=\"fr_FR\" \/>\n<input type=\"hidden\" name=\"_wpcf7_unit_tag\" value=\"wpcf7-f1638-o1\" \/>\n<input type=\"hidden\" name=\"_wpcf7_container_post\" value=\"0\" \/>\n<input type=\"hidden\" name=\"_wpcf7_posted_data_hash\" value=\"\" \/>\n<input type=\"hidden\" name=\"_wpcf7_recaptcha_response\" value=\"\" \/>\n<\/div>\n<p><label> Votre adresse email <span class=\"wpcf7-form-control-wrap\" data-name=\"your-email\"><input size=\"40\" maxlength=\"400\" class=\"wpcf7-form-control wpcf7-email wpcf7-validates-as-required wpcf7-text wpcf7-validates-as-email\" aria-required=\"true\" aria-invalid=\"false\" value=\"\" type=\"email\" name=\"your-email\" \/><\/span> <\/label>\n<\/p>\n<p><button type=\"submit\" class=\"wpcf7-form-control wpcf7-submit\">Inscrivez-vous<\/button>\n<\/p><div class=\"wpcf7-response-output\" aria-hidden=\"true\"><\/div><p style=\"display: none !important\"><span class=\"wpcf7-form-control-wrap referer-page\"><input type=\"text\" name=\"referer-page\" value=\"http:\/\/Direct%20Visit\" data-value=\"http:\/\/Direct%20Visit\" size=\"40\" class=\"wpcf7-form-control wpcf7-text referer-page\" aria-invalid=\"false\"><\/span><\/p>\n<!-- campaignmonitor extension by Renzo Johnson -->\n<\/form>\n<\/div>\n<\/p>\n<\/div>\n<\/div><\/div><\/div><\/div><\/div><\/div>","protected":false},"excerpt":{"rendered":"","protected":false},"author":1,"featured_media":0,"parent":716,"menu_order":0,"comment_status":"closed","ping_status":"closed","template":"","meta":{"footnotes":""},"class_list":["post-720","page","type-page","status-publish","hentry"],"yoast_head":"<!-- This site is optimized with the Yoast SEO plugin v25.3 - https:\/\/yoast.com\/wordpress\/plugins\/seo\/ -->\n<title>Livres - Spyke<\/title>\n<meta name=\"robots\" content=\"index, follow, max-snippet:-1, max-image-preview:large, max-video-preview:-1\" \/>\n<link rel=\"canonical\" href=\"https:\/\/www.spyke.be\/fr\/spyke-campus\/livres\/\" \/>\n<meta property=\"og:locale\" content=\"fr_FR\" \/>\n<meta property=\"og:type\" content=\"article\" \/>\n<meta property=\"og:title\" content=\"Livres - Spyke\" \/>\n<meta property=\"og:url\" content=\"https:\/\/www.spyke.be\/fr\/spyke-campus\/livres\/\" \/>\n<meta property=\"og:site_name\" content=\"Spyke\" \/>\n<meta property=\"article:modified_time\" content=\"2021-11-03T13:52:23+00:00\" \/>\n<meta name=\"twitter:card\" content=\"summary_large_image\" \/>\n<script type=\"application\/ld+json\" class=\"yoast-schema-graph\">{\"@context\":\"https:\/\/schema.org\",\"@graph\":[{\"@type\":\"WebPage\",\"@id\":\"https:\/\/www.spyke.be\/fr\/spyke-campus\/livres\/\",\"url\":\"https:\/\/www.spyke.be\/fr\/spyke-campus\/livres\/\",\"name\":\"Livres - Spyke\",\"isPartOf\":{\"@id\":\"https:\/\/www.spyke.be\/fr\/#website\"},\"datePublished\":\"2021-10-22T13:55:03+00:00\",\"dateModified\":\"2021-11-03T13:52:23+00:00\",\"breadcrumb\":{\"@id\":\"https:\/\/www.spyke.be\/fr\/spyke-campus\/livres\/#breadcrumb\"},\"inLanguage\":\"fr-FR\",\"potentialAction\":[{\"@type\":\"ReadAction\",\"target\":[\"https:\/\/www.spyke.be\/fr\/spyke-campus\/livres\/\"]}]},{\"@type\":\"BreadcrumbList\",\"@id\":\"https:\/\/www.spyke.be\/fr\/spyke-campus\/livres\/#breadcrumb\",\"itemListElement\":[{\"@type\":\"ListItem\",\"position\":1,\"name\":\"Home\",\"item\":\"https:\/\/www.spyke.be\/fr\/\"},{\"@type\":\"ListItem\",\"position\":2,\"name\":\"SPYKE campus\",\"item\":\"https:\/\/www.spyke.be\/fr\/spyke-campus\/\"},{\"@type\":\"ListItem\",\"position\":3,\"name\":\"Livres\"}]},{\"@type\":\"WebSite\",\"@id\":\"https:\/\/www.spyke.be\/fr\/#website\",\"url\":\"https:\/\/www.spyke.be\/fr\/\",\"name\":\"Spyke\",\"description\":\"\",\"potentialAction\":[{\"@type\":\"SearchAction\",\"target\":{\"@type\":\"EntryPoint\",\"urlTemplate\":\"https:\/\/www.spyke.be\/fr\/?s={search_term_string}\"},\"query-input\":{\"@type\":\"PropertyValueSpecification\",\"valueRequired\":true,\"valueName\":\"search_term_string\"}}],\"inLanguage\":\"fr-FR\"}]}<\/script>\n<!-- \/ Yoast SEO plugin. -->","yoast_head_json":{"title":"Livres - Spyke","robots":{"index":"index","follow":"follow","max-snippet":"max-snippet:-1","max-image-preview":"max-image-preview:large","max-video-preview":"max-video-preview:-1"},"canonical":"https:\/\/www.spyke.be\/fr\/spyke-campus\/livres\/","og_locale":"fr_FR","og_type":"article","og_title":"Livres - Spyke","og_url":"https:\/\/www.spyke.be\/fr\/spyke-campus\/livres\/","og_site_name":"Spyke","article_modified_time":"2021-11-03T13:52:23+00:00","twitter_card":"summary_large_image","schema":{"@context":"https:\/\/schema.org","@graph":[{"@type":"WebPage","@id":"https:\/\/www.spyke.be\/fr\/spyke-campus\/livres\/","url":"https:\/\/www.spyke.be\/fr\/spyke-campus\/livres\/","name":"Livres - Spyke","isPartOf":{"@id":"https:\/\/www.spyke.be\/fr\/#website"},"datePublished":"2021-10-22T13:55:03+00:00","dateModified":"2021-11-03T13:52:23+00:00","breadcrumb":{"@id":"https:\/\/www.spyke.be\/fr\/spyke-campus\/livres\/#breadcrumb"},"inLanguage":"fr-FR","potentialAction":[{"@type":"ReadAction","target":["https:\/\/www.spyke.be\/fr\/spyke-campus\/livres\/"]}]},{"@type":"BreadcrumbList","@id":"https:\/\/www.spyke.be\/fr\/spyke-campus\/livres\/#breadcrumb","itemListElement":[{"@type":"ListItem","position":1,"name":"Home","item":"https:\/\/www.spyke.be\/fr\/"},{"@type":"ListItem","position":2,"name":"SPYKE campus","item":"https:\/\/www.spyke.be\/fr\/spyke-campus\/"},{"@type":"ListItem","position":3,"name":"Livres"}]},{"@type":"WebSite","@id":"https:\/\/www.spyke.be\/fr\/#website","url":"https:\/\/www.spyke.be\/fr\/","name":"Spyke","description":"","potentialAction":[{"@type":"SearchAction","target":{"@type":"EntryPoint","urlTemplate":"https:\/\/www.spyke.be\/fr\/?s={search_term_string}"},"query-input":{"@type":"PropertyValueSpecification","valueRequired":true,"valueName":"search_term_string"}}],"inLanguage":"fr-FR"}]}},"_links":{"self":[{"href":"https:\/\/www.spyke.be\/fr\/wp-json\/wp\/v2\/pages\/720","targetHints":{"allow":["GET"]}}],"collection":[{"href":"https:\/\/www.spyke.be\/fr\/wp-json\/wp\/v2\/pages"}],"about":[{"href":"https:\/\/www.spyke.be\/fr\/wp-json\/wp\/v2\/types\/page"}],"author":[{"embeddable":true,"href":"https:\/\/www.spyke.be\/fr\/wp-json\/wp\/v2\/users\/1"}],"replies":[{"embeddable":true,"href":"https:\/\/www.spyke.be\/fr\/wp-json\/wp\/v2\/comments?post=720"}],"version-history":[{"count":1,"href":"https:\/\/www.spyke.be\/fr\/wp-json\/wp\/v2\/pages\/720\/revisions"}],"predecessor-version":[{"id":721,"href":"https:\/\/www.spyke.be\/fr\/wp-json\/wp\/v2\/pages\/720\/revisions\/721"}],"up":[{"embeddable":true,"href":"https:\/\/www.spyke.be\/fr\/wp-json\/wp\/v2\/pages\/716"}],"wp:attachment":[{"href":"https:\/\/www.spyke.be\/fr\/wp-json\/wp\/v2\/media?parent=720"}],"curies":[{"name":"wp","href":"https:\/\/api.w.org\/{rel}","templated":true}]}}