{"id":718,"date":"2021-10-22T14:55:03","date_gmt":"2021-10-22T13:55:03","guid":{"rendered":"https:\/\/www.spyke.be\/spyke-campus\/formations\/"},"modified":"2024-04-26T11:32:25","modified_gmt":"2024-04-26T10:32:25","slug":"formations","status":"publish","type":"page","link":"https:\/\/www.spyke.be\/fr\/spyke-campus\/formations\/","title":{"rendered":"Formations"},"content":{"rendered":"<div id=\"pl-gb718-69f13c0372401\"  class=\"panel-layout\" ><div id=\"pg-gb718-69f13c0372401-0\"  class=\"panel-grid panel-has-style\" ><div class=\"intro back-button panel-row-style panel-row-style-for-gb718-69f13c0372401-0\" ><div id=\"pgc-gb718-69f13c0372401-0-0\"  class=\"panel-grid-cell\" ><div id=\"panel-gb718-69f13c0372401-0-0-0\" class=\"so-panel widget widget_sow-editor panel-first-child panel-last-child\" data-index=\"0\" ><div\n\t\t\t\n\t\t\tclass=\"so-widget-sow-editor so-widget-sow-editor-base\"\n\t\t\t\n\t\t>\n<div class=\"siteorigin-widget-tinymce textwidget\">\n\t<p><a href=\"https:\/\/www.spyke.be\/spyke-campus\/\">Spyke campus<\/a><\/p>\n<h1>Formations<\/h1>\n<p>\u00c0 la demande des entreprises et des organisations, nous partageons avec joie nos connaissances dans le cadre d&rsquo;une formation ou d&rsquo;un atelier, en une ou plusieurs s\u00e9ances. D\u00e9couvrez les sujets que nous aimons aborder, planifiez la formation avec nous et recevez un certificat de formation personnalis\u00e9 \u00e0 la fin.<\/p>\n<\/div>\n<\/div><\/div><\/div><\/div><\/div><div id=\"pg-gb718-69f13c0372401-1\"  class=\"panel-grid panel-no-style\" ><div id=\"pgc-gb718-69f13c0372401-1-0\"  class=\"panel-grid-cell\" ><div id=\"panel-gb718-69f13c0372401-1-0-0\" class=\"so-panel widget widget_siteorigin-panels-postloop panel-first-child panel-last-child\" data-index=\"1\" >\r\n    <div class=\"loop loop-opleidingen clearfix\">\r\n              <div class=\"opleiding clearfix\" id=\"opleiding1656\">\r\n          <div class=\"opleiding-content\">\r\n            <h2>7 \u00e9tapes pour un marketing de contenu r\u00e9ussi<\/h2>\r\n            <p>Le marketing de contenu ne consiste pas seulement \u00e0 publier des billets de blog ou \u00e0 envoyer une newsletter. La bonne strat\u00e9gie, la mesure de l\u2019efficacit\u00e9 et le choix des bons canaux ne sont que quelques-uns des nombreux \u00e9l\u00e9ments dont il faut tenir compte.<\/p>\n<p>Bart et Wouter font le tour de la question dans une formation qui pose les bases pour ceux qui veulent se lancer dans la discipline.<\/p>\n\r\n                            <p class=\"link-red-arrow\">\r\n                  <a href=\"mailto:bart.lombaerts@spyke.be?subject=7 \u00e9tapes pour un marketing de contenu r\u00e9ussi\">R\u00e9server cette formation<\/a>\r\n                <\/p>\r\n              \r\n          <\/div>\r\n        <\/div>\r\n              <div class=\"opleiding clearfix\" id=\"opleiding1657\">\r\n          <div class=\"opleiding-content\">\r\n            <h2>Comment am\u00e9liorer vos contenus en adoptant une approche journalistique ?<\/h2>\r\n            <p>Votre contenu ne doit pas seulement \u00eatre bon si vous voulez capter et retenir l&rsquo;attention des consommateurs. Il doit \u00eatre excellent ! Les techniques journalistiques peuvent vous y aider.<\/p>\n<p>Cette formation ne se concentre pas uniquement sur le r\u00f4le crucial que le journalisme peut jouer, mais aussi sur la mani\u00e8re de l\u2019int\u00e9grer concr\u00e8tement dans les activit\u00e9s de la marque.<\/p>\n\r\n                            <p class=\"link-red-arrow\">\r\n                  <a href=\"mailto:bart.lombaerts@spyke.be?subject=Comment am\u00e9liorer vos contenus en adoptant une approche journalistique ?\">R\u00e9server cette formation<\/a>\r\n                <\/p>\r\n              \r\n          <\/div>\r\n        <\/div>\r\n              <div class=\"opleiding clearfix\" id=\"opleiding1658\">\r\n          <div class=\"opleiding-content\">\r\n            <h2>La force de la publicit\u00e9 native<\/h2>\r\n            <p>Quand elle est de qualit\u00e9, la publicit\u00e9 native profite \u00e0 toutes les parties concern\u00e9es. Elle informe le lecteur, permet \u00e0 la marque de transmettre un message et s&rsquo;inscrit dans la ligne \u00e9ditoriale d&rsquo;un magazine, d&rsquo;un site web ou d&rsquo;une cha\u00eene de t\u00e9l\u00e9vision.<\/p>\n<p>Cependant, il existe un certain nombre d\u2019\u00e9cueils \u00e0 \u00e9viter pour garantir le succ\u00e8s. Cette formation vous aidera \u00e0 op\u00e9rer les bons choix.<\/p>\n\r\n                            <p class=\"link-red-arrow\">\r\n                  <a href=\"mailto:bart.lombaerts@spyke.be?subject=La force de la publicit\u00e9 native\">R\u00e9server cette formation<\/a>\r\n                <\/p>\r\n              \r\n          <\/div>\r\n        <\/div>\r\n              <div class=\"opleiding clearfix\" id=\"opleiding1590\">\r\n          <div class=\"opleiding-content\">\r\n            <h2>Le marketing de contenu en contexte B2B<\/h2>\r\n            <p>Le marketing de contenu convient parfaitement aux marques B2B. Pourquoi? Le lead time d&rsquo;achat est souvent beaucoup plus long et le maintien de la relation est d&rsquo;une grande importance.<\/p>\n<p>Cette formation se focalise sur les particularit\u00e9s du content marketing pratiqu\u00e9 dans un contexte B2B. Avec une foule d\u2019exemples concrets.<\/p>\n\r\n                            <p class=\"link-red-arrow\">\r\n                  <a href=\"mailto:bart.lombaerts@spyke.be?subject=Le marketing de contenu en contexte B2B\">R\u00e9server cette formation<\/a>\r\n                <\/p>\r\n              \r\n          <\/div>\r\n        <\/div>\r\n              <div class=\"opleiding clearfix\" id=\"opleiding1659\">\r\n          <div class=\"opleiding-content\">\r\n            <h2>\u00c9crire pour l&rsquo;internet<\/h2>\r\n            <p>R\u00e9diger des contenus pour un site web, un blog, une newsletter ou un r\u00e9seau social requiert une approche sp\u00e9cifique. Quels sont les ins &amp; outs ? Comment faire pour accro\u00eetre l\u2019impact de ces contenus ? Et pourquoi telle mani\u00e8re de faire fonctionne et telle autre pas ?<\/p>\n<p>Cette formation est ax\u00e9e sur la pratique. Les participants apprennent \u00e0 optimiser la r\u00e9daction de textes pour chaque canal.<\/p>\n\r\n                            <p class=\"link-red-arrow\">\r\n                  <a href=\"mailto:bart.lombaerts@spyke.be?subject=\u00c9crire pour l&rsquo;internet\">R\u00e9server cette formation<\/a>\r\n                <\/p>\r\n              \r\n          <\/div>\r\n        <\/div>\r\n              <div class=\"opleiding clearfix\" id=\"opleiding1660\">\r\n          <div class=\"opleiding-content\">\r\n            <h2>Miser sur le marketing de contenu pour am\u00e9liorer la communication interne<\/h2>\r\n            <p><em>La guerre des talents<\/em>qui fait rage actuellement accro\u00eet l&rsquo;importance de la communication interne pour resserrer les liens entre l\u2019entreprise et ses employ\u00e9s.<\/p>\n<p>En ma\u00eetrisant les bonnes techniques de marketing de contenu, vous aurez d\u00e9j\u00e0 fait un grand pas dans la bonne direction. Cette formation vous fournit des conseils et des astuces pour adopter la bonne approche.<\/p>\n\r\n                            <p class=\"link-red-arrow\">\r\n                  <a href=\"mailto:bart.lombaerts@spyke.be?subject=Miser sur le marketing de contenu pour am\u00e9liorer la communication interne\">R\u00e9server cette formation<\/a>\r\n                <\/p>\r\n              \r\n          <\/div>\r\n        <\/div>\r\n              <div class=\"opleiding clearfix\" id=\"opleiding1661\">\r\n          <div class=\"opleiding-content\">\r\n            <h2>Co-branding et content marketing<\/h2>\r\n            <p>Si vous voulez toucher une vaste audience gr\u00e2ce au content marketing, vous aurez besoin d\u2019un budget tout aussi cons\u00e9quent. Pourquoi ne pas collaborer avec d&rsquo;autres marques qui s\u2019adressent \u00e0 la m\u00eame cible, mais qui ne sont pas des concurrents directs ? Nous pensons par exemple \u00e0 un partenariat entre une compagnie d&rsquo;assurance et un fournisseur d&rsquo;\u00e9quipements informatiques.<\/p>\n<p>Le co-branding offre de nombreuses possibilit\u00e9s, m\u00eame si beaucoup h\u00e9sitent encore \u00e0 y recourir. Cette formation vous explique comment en tirer parti.<\/p>\n\r\n                            <p class=\"link-red-arrow\">\r\n                  <a href=\"mailto:bart.lombaerts@spyke.be?subject=Co-branding et content marketing\">R\u00e9server cette formation<\/a>\r\n                <\/p>\r\n              \r\n          <\/div>\r\n        <\/div>\r\n              <div class=\"opleiding clearfix\" id=\"opleiding1662\">\r\n          <div class=\"opleiding-content\">\r\n            <h2>Communiquer sur la durabilit\u00e9 : un p\u00e9rilleux exercice d\u2019\u00e9quilibre<\/h2>\r\n            <p>Le souci des entreprises de surfer sur la vague du d\u00e9veloppement durable doit aller de pair avec une communication claire \u00e0 ce sujet.  Comment s\u2019y prendre correctement ? Tout d\u2019abord en misant sur la cr\u00e9dibilit\u00e9, la transparence et la communication des ambitions et des progr\u00e8s r\u00e9alis\u00e9s.<\/p>\n<p>Cette formation offre une analyse globale de la probl\u00e9matique et sugg\u00e8re des pistes pour concilier int\u00e9grit\u00e9 et succ\u00e8s.<\/p>\n\r\n                            <p class=\"link-red-arrow\">\r\n                  <a href=\"mailto:bart.lombaerts@spyke.be?subject=Communiquer sur la durabilit\u00e9 : un p\u00e9rilleux exercice d\u2019\u00e9quilibre\">R\u00e9server cette formation<\/a>\r\n                <\/p>\r\n              \r\n          <\/div>\r\n        <\/div>\r\n      \r\n      <div class=\"pagination\">\r\n                <\/div>\r\n    <\/div>\r\n<\/div><\/div><\/div><\/div>\n\n<div id=\"pl-gb718-69f13c037fc20\"  class=\"panel-layout\" ><div id=\"pg-gb718-69f13c037fc20-0\"  class=\"panel-grid panel-has-style\" ><div class=\"c2a-block nieuwsbrief-block panel-row-style panel-row-style-for-gb718-69f13c037fc20-0\" ><div id=\"pgc-gb718-69f13c037fc20-0-0\"  class=\"panel-grid-cell\" ><div id=\"panel-gb718-69f13c037fc20-0-0-0\" class=\"so-panel widget widget_sow-editor panel-first-child panel-last-child\" data-index=\"0\" ><div\n\t\t\t\n\t\t\tclass=\"so-widget-sow-editor so-widget-sow-editor-base\"\n\t\t\t\n\t\t>\n<div class=\"siteorigin-widget-tinymce textwidget\">\n\t<p>Vous souhaitez faire le plein d&rsquo;inspiration ?<\/p>\n<p>Alors, inscrivez-vous vite \u00e0 notre newsletter !<\/p>\n<p style=\"text-align: center;\">\n<div class=\"wpcf7 no-js\" id=\"wpcf7-f1638-o1\" lang=\"fr-FR\" dir=\"ltr\" data-wpcf7-id=\"1638\">\n<div class=\"screen-reader-response\"><p role=\"status\" aria-live=\"polite\" aria-atomic=\"true\"><\/p> <ul><\/ul><\/div>\n<form action=\"\/fr\/wp-json\/wp\/v2\/pages\/718#wpcf7-f1638-o1\" method=\"post\" class=\"wpcf7-form init cmonitor-ext-0.4.67\" aria-label=\"Formulaire de contact\" novalidate=\"novalidate\" data-status=\"init\">\n<div style=\"display: none;\">\n<input type=\"hidden\" name=\"_wpcf7\" value=\"1638\" \/>\n<input type=\"hidden\" name=\"_wpcf7_version\" value=\"6.0.6\" \/>\n<input type=\"hidden\" name=\"_wpcf7_locale\" value=\"fr_FR\" \/>\n<input type=\"hidden\" name=\"_wpcf7_unit_tag\" value=\"wpcf7-f1638-o1\" \/>\n<input type=\"hidden\" name=\"_wpcf7_container_post\" value=\"0\" \/>\n<input type=\"hidden\" name=\"_wpcf7_posted_data_hash\" value=\"\" \/>\n<input type=\"hidden\" name=\"_wpcf7_recaptcha_response\" value=\"\" \/>\n<\/div>\n<p><label> Votre adresse email <span class=\"wpcf7-form-control-wrap\" data-name=\"your-email\"><input size=\"40\" maxlength=\"400\" class=\"wpcf7-form-control wpcf7-email wpcf7-validates-as-required wpcf7-text wpcf7-validates-as-email\" aria-required=\"true\" aria-invalid=\"false\" value=\"\" type=\"email\" name=\"your-email\" \/><\/span> <\/label>\n<\/p>\n<p><button type=\"submit\" class=\"wpcf7-form-control wpcf7-submit\">Inscrivez-vous<\/button>\n<\/p><div class=\"wpcf7-response-output\" aria-hidden=\"true\"><\/div><p style=\"display: none !important\"><span class=\"wpcf7-form-control-wrap referer-page\"><input type=\"text\" name=\"referer-page\" value=\"http:\/\/Direct%20Visit\" data-value=\"http:\/\/Direct%20Visit\" size=\"40\" class=\"wpcf7-form-control wpcf7-text referer-page\" aria-invalid=\"false\"><\/span><\/p>\n<!-- campaignmonitor extension by Renzo Johnson -->\n<\/form>\n<\/div>\n<\/p>\n<\/div>\n<\/div><\/div><\/div><\/div><\/div><\/div>","protected":false},"excerpt":{"rendered":"","protected":false},"author":1,"featured_media":0,"parent":716,"menu_order":0,"comment_status":"closed","ping_status":"closed","template":"","meta":{"footnotes":""},"class_list":["post-718","page","type-page","status-publish","hentry"],"yoast_head":"<!-- This site is optimized with the Yoast SEO plugin v25.3 - https:\/\/yoast.com\/wordpress\/plugins\/seo\/ -->\n<title>Formations - Spyke<\/title>\n<meta name=\"robots\" content=\"index, follow, max-snippet:-1, max-image-preview:large, max-video-preview:-1\" \/>\n<link rel=\"canonical\" href=\"https:\/\/www.spyke.be\/fr\/spyke-campus\/formations\/\" \/>\n<meta property=\"og:locale\" content=\"fr_FR\" \/>\n<meta property=\"og:type\" content=\"article\" \/>\n<meta property=\"og:title\" content=\"Formations - Spyke\" \/>\n<meta property=\"og:url\" content=\"https:\/\/www.spyke.be\/fr\/spyke-campus\/formations\/\" \/>\n<meta property=\"og:site_name\" content=\"Spyke\" \/>\n<meta property=\"article:modified_time\" content=\"2024-04-26T10:32:25+00:00\" \/>\n<meta name=\"twitter:card\" content=\"summary_large_image\" \/>\n<meta name=\"twitter:label1\" content=\"Dur\u00e9e de lecture estim\u00e9e\" \/>\n\t<meta name=\"twitter:data1\" content=\"1 minute\" \/>\n<script type=\"application\/ld+json\" class=\"yoast-schema-graph\">{\"@context\":\"https:\/\/schema.org\",\"@graph\":[{\"@type\":\"WebPage\",\"@id\":\"https:\/\/www.spyke.be\/fr\/spyke-campus\/formations\/\",\"url\":\"https:\/\/www.spyke.be\/fr\/spyke-campus\/formations\/\",\"name\":\"Formations - Spyke\",\"isPartOf\":{\"@id\":\"https:\/\/www.spyke.be\/fr\/#website\"},\"datePublished\":\"2021-10-22T13:55:03+00:00\",\"dateModified\":\"2024-04-26T10:32:25+00:00\",\"breadcrumb\":{\"@id\":\"https:\/\/www.spyke.be\/fr\/spyke-campus\/formations\/#breadcrumb\"},\"inLanguage\":\"fr-FR\",\"potentialAction\":[{\"@type\":\"ReadAction\",\"target\":[\"https:\/\/www.spyke.be\/fr\/spyke-campus\/formations\/\"]}]},{\"@type\":\"BreadcrumbList\",\"@id\":\"https:\/\/www.spyke.be\/fr\/spyke-campus\/formations\/#breadcrumb\",\"itemListElement\":[{\"@type\":\"ListItem\",\"position\":1,\"name\":\"Home\",\"item\":\"https:\/\/www.spyke.be\/fr\/\"},{\"@type\":\"ListItem\",\"position\":2,\"name\":\"SPYKE campus\",\"item\":\"https:\/\/www.spyke.be\/fr\/spyke-campus\/\"},{\"@type\":\"ListItem\",\"position\":3,\"name\":\"Formations\"}]},{\"@type\":\"WebSite\",\"@id\":\"https:\/\/www.spyke.be\/fr\/#website\",\"url\":\"https:\/\/www.spyke.be\/fr\/\",\"name\":\"Spyke\",\"description\":\"\",\"potentialAction\":[{\"@type\":\"SearchAction\",\"target\":{\"@type\":\"EntryPoint\",\"urlTemplate\":\"https:\/\/www.spyke.be\/fr\/?s={search_term_string}\"},\"query-input\":{\"@type\":\"PropertyValueSpecification\",\"valueRequired\":true,\"valueName\":\"search_term_string\"}}],\"inLanguage\":\"fr-FR\"}]}<\/script>\n<!-- \/ Yoast SEO plugin. -->","yoast_head_json":{"title":"Formations - Spyke","robots":{"index":"index","follow":"follow","max-snippet":"max-snippet:-1","max-image-preview":"max-image-preview:large","max-video-preview":"max-video-preview:-1"},"canonical":"https:\/\/www.spyke.be\/fr\/spyke-campus\/formations\/","og_locale":"fr_FR","og_type":"article","og_title":"Formations - Spyke","og_url":"https:\/\/www.spyke.be\/fr\/spyke-campus\/formations\/","og_site_name":"Spyke","article_modified_time":"2024-04-26T10:32:25+00:00","twitter_card":"summary_large_image","twitter_misc":{"Dur\u00e9e de lecture estim\u00e9e":"1 minute"},"schema":{"@context":"https:\/\/schema.org","@graph":[{"@type":"WebPage","@id":"https:\/\/www.spyke.be\/fr\/spyke-campus\/formations\/","url":"https:\/\/www.spyke.be\/fr\/spyke-campus\/formations\/","name":"Formations - Spyke","isPartOf":{"@id":"https:\/\/www.spyke.be\/fr\/#website"},"datePublished":"2021-10-22T13:55:03+00:00","dateModified":"2024-04-26T10:32:25+00:00","breadcrumb":{"@id":"https:\/\/www.spyke.be\/fr\/spyke-campus\/formations\/#breadcrumb"},"inLanguage":"fr-FR","potentialAction":[{"@type":"ReadAction","target":["https:\/\/www.spyke.be\/fr\/spyke-campus\/formations\/"]}]},{"@type":"BreadcrumbList","@id":"https:\/\/www.spyke.be\/fr\/spyke-campus\/formations\/#breadcrumb","itemListElement":[{"@type":"ListItem","position":1,"name":"Home","item":"https:\/\/www.spyke.be\/fr\/"},{"@type":"ListItem","position":2,"name":"SPYKE campus","item":"https:\/\/www.spyke.be\/fr\/spyke-campus\/"},{"@type":"ListItem","position":3,"name":"Formations"}]},{"@type":"WebSite","@id":"https:\/\/www.spyke.be\/fr\/#website","url":"https:\/\/www.spyke.be\/fr\/","name":"Spyke","description":"","potentialAction":[{"@type":"SearchAction","target":{"@type":"EntryPoint","urlTemplate":"https:\/\/www.spyke.be\/fr\/?s={search_term_string}"},"query-input":{"@type":"PropertyValueSpecification","valueRequired":true,"valueName":"search_term_string"}}],"inLanguage":"fr-FR"}]}},"_links":{"self":[{"href":"https:\/\/www.spyke.be\/fr\/wp-json\/wp\/v2\/pages\/718","targetHints":{"allow":["GET"]}}],"collection":[{"href":"https:\/\/www.spyke.be\/fr\/wp-json\/wp\/v2\/pages"}],"about":[{"href":"https:\/\/www.spyke.be\/fr\/wp-json\/wp\/v2\/types\/page"}],"author":[{"embeddable":true,"href":"https:\/\/www.spyke.be\/fr\/wp-json\/wp\/v2\/users\/1"}],"replies":[{"embeddable":true,"href":"https:\/\/www.spyke.be\/fr\/wp-json\/wp\/v2\/comments?post=718"}],"version-history":[{"count":3,"href":"https:\/\/www.spyke.be\/fr\/wp-json\/wp\/v2\/pages\/718\/revisions"}],"predecessor-version":[{"id":2267,"href":"https:\/\/www.spyke.be\/fr\/wp-json\/wp\/v2\/pages\/718\/revisions\/2267"}],"up":[{"embeddable":true,"href":"https:\/\/www.spyke.be\/fr\/wp-json\/wp\/v2\/pages\/716"}],"wp:attachment":[{"href":"https:\/\/www.spyke.be\/fr\/wp-json\/wp\/v2\/media?parent=718"}],"curies":[{"name":"wp","href":"https:\/\/api.w.org\/{rel}","templated":true}]}}