{"id":2028,"date":"2023-03-15T16:18:50","date_gmt":"2023-03-15T15:18:50","guid":{"rendered":"https:\/\/www.spyke.be\/documentaires\/"},"modified":"2023-03-15T16:20:29","modified_gmt":"2023-03-15T15:20:29","slug":"documentaires","status":"publish","type":"page","link":"https:\/\/www.spyke.be\/fr\/spyke-campus\/documentaires\/","title":{"rendered":"Documentaires"},"content":{"rendered":"<div id=\"pl-gb2028-69d5e3d9b045c\"  class=\"panel-layout\" ><div id=\"pg-gb2028-69d5e3d9b045c-0\"  class=\"panel-grid panel-has-style\" ><div class=\"intro back-button panel-row-style panel-row-style-for-gb2028-69d5e3d9b045c-0\" ><div id=\"pgc-gb2028-69d5e3d9b045c-0-0\"  class=\"panel-grid-cell\" ><div id=\"panel-gb2028-69d5e3d9b045c-0-0-0\" class=\"so-panel widget widget_sow-editor panel-first-child panel-last-child\" data-index=\"0\" ><div\n\t\t\t\n\t\t\tclass=\"so-widget-sow-editor so-widget-sow-editor-base\"\n\t\t\t\n\t\t>\n<div class=\"siteorigin-widget-tinymce textwidget\">\n\t<p><a href=\"https:\/\/www.spyke.be\/fr\/spyke-campus\/\">Spyke campus<\/a><\/p>\n<h1>Documentaires<\/h1>\n<\/div>\n<\/div><\/div><\/div><\/div><\/div><div id=\"pg-gb2028-69d5e3d9b045c-1\"  class=\"panel-grid panel-no-style\" ><div id=\"pgc-gb2028-69d5e3d9b045c-1-0\"  class=\"panel-grid-cell\" ><div id=\"panel-gb2028-69d5e3d9b045c-1-0-0\" class=\"so-panel widget widget_siteorigin-panels-postloop panel-first-child panel-last-child\" data-index=\"1\" >\r\n    <div class=\"loop loop-podcasts clearfix\">\r\n              <a class=\"podcast\" href=\"https:\/\/www.youtube.com\/watch?v=yCuheTKZA88&#038;t=6s\" target=\"_blank\">\r\n          <div class=\"podcast-image\">\r\n            <img src='https:\/\/www.spyke.be\/wp-content\/uploads\/2022\/01\/DOA-crop.jpg' alt=\"The Decade of Action\">\r\n          <\/div>\r\n          <div class=\"podcast-content\">\r\n            <h3>The Decade of Action<\/h3>\r\n            \n<p>Ce documentaire, co-produit par Bart Lombaerts, a pour ambition d\u2019encourager les entreprises \u00e0 assumer leurs responsabilit\u00e9s en vue de garantir la viabilit\u00e9 de notre plan\u00e8te.  Des personnalit\u00e9s de premier plan comme Paul Polman (ancien CEO d\u2019Unilever), Ilham Kadri (Solvay) et Ryan Gellart (Patagonia) y d\u00e9voilent leur vision d\u2019un avenir durable.<\/p>\n          <\/div>\r\n        <\/a>\r\n          <\/div>\r\n<\/div><\/div><\/div><\/div>","protected":false},"excerpt":{"rendered":"","protected":false},"author":1,"featured_media":0,"parent":716,"menu_order":0,"comment_status":"closed","ping_status":"closed","template":"","meta":{"footnotes":""},"class_list":["post-2028","page","type-page","status-publish","hentry"],"yoast_head":"<!-- This site is optimized with the Yoast SEO plugin v25.3 - https:\/\/yoast.com\/wordpress\/plugins\/seo\/ -->\n<title>Documentaires - Spyke<\/title>\n<meta name=\"robots\" content=\"index, follow, max-snippet:-1, max-image-preview:large, max-video-preview:-1\" \/>\n<link rel=\"canonical\" href=\"https:\/\/www.spyke.be\/fr\/spyke-campus\/documentaires\/\" \/>\n<meta property=\"og:locale\" content=\"fr_FR\" \/>\n<meta property=\"og:type\" content=\"article\" \/>\n<meta property=\"og:title\" content=\"Documentaires - Spyke\" \/>\n<meta property=\"og:url\" content=\"https:\/\/www.spyke.be\/fr\/spyke-campus\/documentaires\/\" \/>\n<meta property=\"og:site_name\" content=\"Spyke\" \/>\n<meta property=\"article:modified_time\" content=\"2023-03-15T15:20:29+00:00\" \/>\n<meta name=\"twitter:card\" content=\"summary_large_image\" \/>\n<meta name=\"twitter:label1\" content=\"Dur\u00e9e de lecture estim\u00e9e\" \/>\n\t<meta name=\"twitter:data1\" content=\"1 minute\" \/>\n<script type=\"application\/ld+json\" class=\"yoast-schema-graph\">{\"@context\":\"https:\/\/schema.org\",\"@graph\":[{\"@type\":\"WebPage\",\"@id\":\"https:\/\/www.spyke.be\/fr\/spyke-campus\/documentaires\/\",\"url\":\"https:\/\/www.spyke.be\/fr\/spyke-campus\/documentaires\/\",\"name\":\"Documentaires - Spyke\",\"isPartOf\":{\"@id\":\"https:\/\/www.spyke.be\/fr\/#website\"},\"datePublished\":\"2023-03-15T15:18:50+00:00\",\"dateModified\":\"2023-03-15T15:20:29+00:00\",\"breadcrumb\":{\"@id\":\"https:\/\/www.spyke.be\/fr\/spyke-campus\/documentaires\/#breadcrumb\"},\"inLanguage\":\"fr-FR\",\"potentialAction\":[{\"@type\":\"ReadAction\",\"target\":[\"https:\/\/www.spyke.be\/fr\/spyke-campus\/documentaires\/\"]}]},{\"@type\":\"BreadcrumbList\",\"@id\":\"https:\/\/www.spyke.be\/fr\/spyke-campus\/documentaires\/#breadcrumb\",\"itemListElement\":[{\"@type\":\"ListItem\",\"position\":1,\"name\":\"Home\",\"item\":\"https:\/\/www.spyke.be\/fr\/\"},{\"@type\":\"ListItem\",\"position\":2,\"name\":\"SPYKE campus\",\"item\":\"https:\/\/www.spyke.be\/fr\/spyke-campus\/\"},{\"@type\":\"ListItem\",\"position\":3,\"name\":\"Documentaires\"}]},{\"@type\":\"WebSite\",\"@id\":\"https:\/\/www.spyke.be\/fr\/#website\",\"url\":\"https:\/\/www.spyke.be\/fr\/\",\"name\":\"Spyke\",\"description\":\"\",\"potentialAction\":[{\"@type\":\"SearchAction\",\"target\":{\"@type\":\"EntryPoint\",\"urlTemplate\":\"https:\/\/www.spyke.be\/fr\/?s={search_term_string}\"},\"query-input\":{\"@type\":\"PropertyValueSpecification\",\"valueRequired\":true,\"valueName\":\"search_term_string\"}}],\"inLanguage\":\"fr-FR\"}]}<\/script>\n<!-- \/ Yoast SEO plugin. -->","yoast_head_json":{"title":"Documentaires - Spyke","robots":{"index":"index","follow":"follow","max-snippet":"max-snippet:-1","max-image-preview":"max-image-preview:large","max-video-preview":"max-video-preview:-1"},"canonical":"https:\/\/www.spyke.be\/fr\/spyke-campus\/documentaires\/","og_locale":"fr_FR","og_type":"article","og_title":"Documentaires - Spyke","og_url":"https:\/\/www.spyke.be\/fr\/spyke-campus\/documentaires\/","og_site_name":"Spyke","article_modified_time":"2023-03-15T15:20:29+00:00","twitter_card":"summary_large_image","twitter_misc":{"Dur\u00e9e de lecture estim\u00e9e":"1 minute"},"schema":{"@context":"https:\/\/schema.org","@graph":[{"@type":"WebPage","@id":"https:\/\/www.spyke.be\/fr\/spyke-campus\/documentaires\/","url":"https:\/\/www.spyke.be\/fr\/spyke-campus\/documentaires\/","name":"Documentaires - Spyke","isPartOf":{"@id":"https:\/\/www.spyke.be\/fr\/#website"},"datePublished":"2023-03-15T15:18:50+00:00","dateModified":"2023-03-15T15:20:29+00:00","breadcrumb":{"@id":"https:\/\/www.spyke.be\/fr\/spyke-campus\/documentaires\/#breadcrumb"},"inLanguage":"fr-FR","potentialAction":[{"@type":"ReadAction","target":["https:\/\/www.spyke.be\/fr\/spyke-campus\/documentaires\/"]}]},{"@type":"BreadcrumbList","@id":"https:\/\/www.spyke.be\/fr\/spyke-campus\/documentaires\/#breadcrumb","itemListElement":[{"@type":"ListItem","position":1,"name":"Home","item":"https:\/\/www.spyke.be\/fr\/"},{"@type":"ListItem","position":2,"name":"SPYKE campus","item":"https:\/\/www.spyke.be\/fr\/spyke-campus\/"},{"@type":"ListItem","position":3,"name":"Documentaires"}]},{"@type":"WebSite","@id":"https:\/\/www.spyke.be\/fr\/#website","url":"https:\/\/www.spyke.be\/fr\/","name":"Spyke","description":"","potentialAction":[{"@type":"SearchAction","target":{"@type":"EntryPoint","urlTemplate":"https:\/\/www.spyke.be\/fr\/?s={search_term_string}"},"query-input":{"@type":"PropertyValueSpecification","valueRequired":true,"valueName":"search_term_string"}}],"inLanguage":"fr-FR"}]}},"_links":{"self":[{"href":"https:\/\/www.spyke.be\/fr\/wp-json\/wp\/v2\/pages\/2028","targetHints":{"allow":["GET"]}}],"collection":[{"href":"https:\/\/www.spyke.be\/fr\/wp-json\/wp\/v2\/pages"}],"about":[{"href":"https:\/\/www.spyke.be\/fr\/wp-json\/wp\/v2\/types\/page"}],"author":[{"embeddable":true,"href":"https:\/\/www.spyke.be\/fr\/wp-json\/wp\/v2\/users\/1"}],"replies":[{"embeddable":true,"href":"https:\/\/www.spyke.be\/fr\/wp-json\/wp\/v2\/comments?post=2028"}],"version-history":[{"count":2,"href":"https:\/\/www.spyke.be\/fr\/wp-json\/wp\/v2\/pages\/2028\/revisions"}],"predecessor-version":[{"id":2030,"href":"https:\/\/www.spyke.be\/fr\/wp-json\/wp\/v2\/pages\/2028\/revisions\/2030"}],"up":[{"embeddable":true,"href":"https:\/\/www.spyke.be\/fr\/wp-json\/wp\/v2\/pages\/716"}],"wp:attachment":[{"href":"https:\/\/www.spyke.be\/fr\/wp-json\/wp\/v2\/media?parent=2028"}],"curies":[{"name":"wp","href":"https:\/\/api.w.org\/{rel}","templated":true}]}}