{"id":2021,"date":"2023-03-15T16:15:27","date_gmt":"2023-03-15T15:15:27","guid":{"rendered":"https:\/\/www.spyke.be\/spyke-campus\/podcasts\/"},"modified":"2023-03-15T16:15:49","modified_gmt":"2023-03-15T15:15:49","slug":"podcasts","status":"publish","type":"page","link":"https:\/\/www.spyke.be\/fr\/spyke-campus\/podcasts\/","title":{"rendered":"Podcasts"},"content":{"rendered":"<div id=\"pl-gb2021-69df22cfb351d\"  class=\"panel-layout\" ><div id=\"pg-gb2021-69df22cfb351d-0\"  class=\"panel-grid panel-has-style\" ><div class=\"intro back-button panel-row-style panel-row-style-for-gb2021-69df22cfb351d-0\" ><div id=\"pgc-gb2021-69df22cfb351d-0-0\"  class=\"panel-grid-cell\" ><div id=\"panel-gb2021-69df22cfb351d-0-0-0\" class=\"so-panel widget widget_sow-editor panel-first-child panel-last-child\" data-index=\"0\" ><div\n\t\t\t\n\t\t\tclass=\"so-widget-sow-editor so-widget-sow-editor-base\"\n\t\t\t\n\t\t>\n<div class=\"siteorigin-widget-tinymce textwidget\">\n\t<p><a href=\"https:\/\/www.spyke.be\/fr\/spyke-campus\/\">Spyke campus<\/a><\/p>\n<h1>Podcasts<\/h1>\n<\/div>\n<\/div><\/div><\/div><\/div><\/div><div id=\"pg-gb2021-69df22cfb351d-1\"  class=\"panel-grid panel-no-style\" ><div id=\"pgc-gb2021-69df22cfb351d-1-0\"  class=\"panel-grid-cell\" ><div id=\"panel-gb2021-69df22cfb351d-1-0-0\" class=\"so-panel widget widget_siteorigin-panels-postloop panel-first-child panel-last-child\" data-index=\"1\" >\r\n    <div class=\"loop loop-podcasts clearfix\">\r\n              <a class=\"podcast\" href=\"https:\/\/anchor.fm\/anderhalvemetersessies\" target=\"_blank\">\r\n          <div class=\"podcast-image\">\r\n            <img src='https:\/\/www.spyke.be\/wp-content\/uploads\/2021\/09\/podcast-anderhalve-meter.jpg' alt=\"1,5 Meter Sessions\">\r\n          <\/div>\r\n          <div class=\"podcast-content\">\r\n            <h3>1,5 Meter Sessions<\/h3>\r\n            <p>Pendant la crise du coronavirus, nous avons conjugu\u00e9s nos forces avec l\u2019agence de radio et de musique Studio Helsinki pour inspirer le monde du marketing \u00e0 l\u2019aide d\u2019une s\u00e9rie de podcasts consacr\u00e9s aux cons\u00e9quences \u00e0 court et \u00e0 long terme de la pand\u00e9mie.<\/p>\n          <\/div>\r\n        <\/a>\r\n          <\/div>\r\n<\/div><\/div><\/div><\/div>","protected":false},"excerpt":{"rendered":"","protected":false},"author":1,"featured_media":0,"parent":716,"menu_order":0,"comment_status":"closed","ping_status":"closed","template":"","meta":{"footnotes":""},"class_list":["post-2021","page","type-page","status-publish","hentry"],"yoast_head":"<!-- This site is optimized with the Yoast SEO plugin v25.3 - https:\/\/yoast.com\/wordpress\/plugins\/seo\/ -->\n<title>Podcasts - Spyke<\/title>\n<meta name=\"robots\" content=\"index, follow, max-snippet:-1, max-image-preview:large, max-video-preview:-1\" \/>\n<link rel=\"canonical\" href=\"https:\/\/www.spyke.be\/fr\/spyke-campus\/podcasts\/\" \/>\n<meta property=\"og:locale\" content=\"fr_FR\" \/>\n<meta property=\"og:type\" content=\"article\" \/>\n<meta property=\"og:title\" content=\"Podcasts - Spyke\" \/>\n<meta property=\"og:url\" content=\"https:\/\/www.spyke.be\/fr\/spyke-campus\/podcasts\/\" \/>\n<meta property=\"og:site_name\" content=\"Spyke\" \/>\n<meta property=\"article:modified_time\" content=\"2023-03-15T15:15:49+00:00\" \/>\n<meta name=\"twitter:card\" content=\"summary_large_image\" \/>\n<script type=\"application\/ld+json\" class=\"yoast-schema-graph\">{\"@context\":\"https:\/\/schema.org\",\"@graph\":[{\"@type\":\"WebPage\",\"@id\":\"https:\/\/www.spyke.be\/fr\/spyke-campus\/podcasts\/\",\"url\":\"https:\/\/www.spyke.be\/fr\/spyke-campus\/podcasts\/\",\"name\":\"Podcasts - Spyke\",\"isPartOf\":{\"@id\":\"https:\/\/www.spyke.be\/fr\/#website\"},\"datePublished\":\"2023-03-15T15:15:27+00:00\",\"dateModified\":\"2023-03-15T15:15:49+00:00\",\"breadcrumb\":{\"@id\":\"https:\/\/www.spyke.be\/fr\/spyke-campus\/podcasts\/#breadcrumb\"},\"inLanguage\":\"fr-FR\",\"potentialAction\":[{\"@type\":\"ReadAction\",\"target\":[\"https:\/\/www.spyke.be\/fr\/spyke-campus\/podcasts\/\"]}]},{\"@type\":\"BreadcrumbList\",\"@id\":\"https:\/\/www.spyke.be\/fr\/spyke-campus\/podcasts\/#breadcrumb\",\"itemListElement\":[{\"@type\":\"ListItem\",\"position\":1,\"name\":\"Home\",\"item\":\"https:\/\/www.spyke.be\/fr\/\"},{\"@type\":\"ListItem\",\"position\":2,\"name\":\"SPYKE campus\",\"item\":\"https:\/\/www.spyke.be\/fr\/spyke-campus\/\"},{\"@type\":\"ListItem\",\"position\":3,\"name\":\"Podcasts\"}]},{\"@type\":\"WebSite\",\"@id\":\"https:\/\/www.spyke.be\/fr\/#website\",\"url\":\"https:\/\/www.spyke.be\/fr\/\",\"name\":\"Spyke\",\"description\":\"\",\"potentialAction\":[{\"@type\":\"SearchAction\",\"target\":{\"@type\":\"EntryPoint\",\"urlTemplate\":\"https:\/\/www.spyke.be\/fr\/?s={search_term_string}\"},\"query-input\":{\"@type\":\"PropertyValueSpecification\",\"valueRequired\":true,\"valueName\":\"search_term_string\"}}],\"inLanguage\":\"fr-FR\"}]}<\/script>\n<!-- \/ Yoast SEO plugin. -->","yoast_head_json":{"title":"Podcasts - Spyke","robots":{"index":"index","follow":"follow","max-snippet":"max-snippet:-1","max-image-preview":"max-image-preview:large","max-video-preview":"max-video-preview:-1"},"canonical":"https:\/\/www.spyke.be\/fr\/spyke-campus\/podcasts\/","og_locale":"fr_FR","og_type":"article","og_title":"Podcasts - Spyke","og_url":"https:\/\/www.spyke.be\/fr\/spyke-campus\/podcasts\/","og_site_name":"Spyke","article_modified_time":"2023-03-15T15:15:49+00:00","twitter_card":"summary_large_image","schema":{"@context":"https:\/\/schema.org","@graph":[{"@type":"WebPage","@id":"https:\/\/www.spyke.be\/fr\/spyke-campus\/podcasts\/","url":"https:\/\/www.spyke.be\/fr\/spyke-campus\/podcasts\/","name":"Podcasts - Spyke","isPartOf":{"@id":"https:\/\/www.spyke.be\/fr\/#website"},"datePublished":"2023-03-15T15:15:27+00:00","dateModified":"2023-03-15T15:15:49+00:00","breadcrumb":{"@id":"https:\/\/www.spyke.be\/fr\/spyke-campus\/podcasts\/#breadcrumb"},"inLanguage":"fr-FR","potentialAction":[{"@type":"ReadAction","target":["https:\/\/www.spyke.be\/fr\/spyke-campus\/podcasts\/"]}]},{"@type":"BreadcrumbList","@id":"https:\/\/www.spyke.be\/fr\/spyke-campus\/podcasts\/#breadcrumb","itemListElement":[{"@type":"ListItem","position":1,"name":"Home","item":"https:\/\/www.spyke.be\/fr\/"},{"@type":"ListItem","position":2,"name":"SPYKE campus","item":"https:\/\/www.spyke.be\/fr\/spyke-campus\/"},{"@type":"ListItem","position":3,"name":"Podcasts"}]},{"@type":"WebSite","@id":"https:\/\/www.spyke.be\/fr\/#website","url":"https:\/\/www.spyke.be\/fr\/","name":"Spyke","description":"","potentialAction":[{"@type":"SearchAction","target":{"@type":"EntryPoint","urlTemplate":"https:\/\/www.spyke.be\/fr\/?s={search_term_string}"},"query-input":{"@type":"PropertyValueSpecification","valueRequired":true,"valueName":"search_term_string"}}],"inLanguage":"fr-FR"}]}},"_links":{"self":[{"href":"https:\/\/www.spyke.be\/fr\/wp-json\/wp\/v2\/pages\/2021","targetHints":{"allow":["GET"]}}],"collection":[{"href":"https:\/\/www.spyke.be\/fr\/wp-json\/wp\/v2\/pages"}],"about":[{"href":"https:\/\/www.spyke.be\/fr\/wp-json\/wp\/v2\/types\/page"}],"author":[{"embeddable":true,"href":"https:\/\/www.spyke.be\/fr\/wp-json\/wp\/v2\/users\/1"}],"replies":[{"embeddable":true,"href":"https:\/\/www.spyke.be\/fr\/wp-json\/wp\/v2\/comments?post=2021"}],"version-history":[{"count":3,"href":"https:\/\/www.spyke.be\/fr\/wp-json\/wp\/v2\/pages\/2021\/revisions"}],"predecessor-version":[{"id":2024,"href":"https:\/\/www.spyke.be\/fr\/wp-json\/wp\/v2\/pages\/2021\/revisions\/2024"}],"up":[{"embeddable":true,"href":"https:\/\/www.spyke.be\/fr\/wp-json\/wp\/v2\/pages\/716"}],"wp:attachment":[{"href":"https:\/\/www.spyke.be\/fr\/wp-json\/wp\/v2\/media?parent=2021"}],"curies":[{"name":"wp","href":"https:\/\/api.w.org\/{rel}","templated":true}]}}